{"id":13,"date":"2023-07-25T12:00:00","date_gmt":"2023-07-25T10:00:00","guid":{"rendered":"https:\/\/germany.wordcamp.org\/2023\/?page_id=13"},"modified":"2023-10-19T07:34:05","modified_gmt":"2023-10-19T05:34:05","slug":"tickets","status":"publish","type":"page","link":"https:\/\/germany.wordcamp.org\/2023\/tickets\/","title":{"rendered":"Tickets"},"content":{"rendered":"\n<p><a href=\"#english\">(English text below)<\/a><\/p>\n\n\n\n<p>Wir k\u00f6nnen es kaum erwarten, dich beim WordCamp Deutschland 2023 (WCDE) willkommen zu hei\u00dfen. Hier bist du genau richtig, <a href=\"#ticket\" data-type=\"internal\" data-id=\"#ticket\">um dein Ticket zu bestellen<\/a>.<\/p>\n\n\n\n<p>Das WCDE markiert einen neuen H\u00f6hepunkt in der Landschaft der WordPress-Veranstaltungen in Deutschland. W\u00e4hrend unserer dreit\u00e4gigen Veranstaltung bieten wir inspirierende Sessions, Workshops und noch viel mehr. Egal, ob du als Entwickler:in, Designer:in, Content-Spezialist:in oder einfach als Privatperson WordPress nutzt \u2013 beim WCDE ist f\u00fcr jede:n etwas dabei. Und das zu einem beeindruckenden Preis von nur 50 \u20ac pro Ticket.<\/p>\n\n\n\n<p>Doch das WCDE ist mehr als nur ein Event. Es ist eine einzigartige Gelegenheit zum Networking, die sich weniger als eine Messe und mehr wie ein freudiges Wiedersehen anf\u00fchlt. Hier trifft sich die Open-Source-Community von WordPress, tauscht sich aus, findet Inspiration und lernt \u2013 und vor allem verbringen wir gemeinsam eine tolle Zeit.<\/p>\n\n\n\n<p>In unserer Gemeinschaft finden sich Freiberufler:innen, Agenturbesitzer:innen, Autor:innen von Plugins und Themes, Backend- und Frontend-Entwickler:innen, Designer:innen und Marketer:innen, um nur einige zu nennen. Was uns alle vereint, ist unsere Liebe zur Freiheit und Flexibilit\u00e4t, die WordPress bietet, und unser Wunsch, uns mit Gleichgesinnten auszutauschen. Aber Achtung, die Tickets sind erfahrungsgem\u00e4\u00df schnell vergriffen \u2013 <a href=\"#ticket\">also sichere dir dein Ticket am besten noch heute!<\/a><\/p>\n\n\n\n<h2 class=\"wp-block-heading\"><strong>Sichere dir dein Ticket fr\u00fchzeitig<\/strong><\/h2>\n\n\n\n<p>Mit deinem Ticket f\u00fcr das WordCamp Deutschland erh\u00e4ltst du Zugang zu allen drei Tagen der Konferenz:<\/p>\n\n\n\n<ul class=\"wp-block-list\">\n<li>\u00dcber 20 spannende Vortr\u00e4ge,<\/li>\n\n\n\n<li>interessante Workshops,<\/li>\n\n\n\n<li>t\u00e4gliches Mittagessen,<\/li>\n\n\n\n<li>Snack- und Getr\u00e4nkepausen am Vormittag und Nachmittag,<\/li>\n\n\n\n<li>Zugang zum WordFest (die WordCamp After Party),<\/li>\n\n\n\n<li>ein cooles T-Shirt,<\/li>\n\n\n\n<li>die M\u00f6glichkeit, mit unseren Sponsoren ins Gespr\u00e4ch zu kommen, die Plugins, Themes, Hosting, Sicherheitsl\u00f6sungen und vieles mehr anbieten,<\/li>\n\n\n\n<li>zahlreiche Gelegenheiten, Mitglieder der WordPress-Community zu treffen und dich zu vernetzen und<\/li>\n\n\n\n<li>die Teilnahme am Contributor Day, bei dem du lernst, wie du zum WordPress Open-Source-Projekt beitragen kannst (Tickets f\u00fcr den Contributor Day gibt es in K\u00fcrze).<\/li>\n<\/ul>\n\n\n\n<p>Du m\u00f6chtest das WordCamp Deutschland weiter unterst\u00fctzen, aber nicht gleich ein Sponsoren-Paket kaufen? Dann entscheide dich f\u00fcr ein Microsponsoring-Ticket. Mit diesem tr\u00e4gst du die tats\u00e4chlichen Pro-Kopf-Kosten f\u00fcr deine Teilnahme und erm\u00f6glichst so Personen mit geringerem Einkommen den Zugang zu einem subventionierten Ticket.<\/p>\n\n\n\n<p>Das WordCamp ist auf 250 Teilnehmer:innen (inkl. Organisator:innen, Sponsor:innen, Speaker:innen und Volunteers) ausgelegt. <a href=\"#ticket\">Also z\u00f6gere nicht und melde dich gleich an!<\/a><\/p>\n\n\n\n<p>Hinweis: F\u00fcr Speaker:innen und Volunteers sowie Sponsor:innen und Organisator:innen wurde bereits ein Ticketkontingent reserviert. Hierzu geht eine gesonderte Nachricht per E-Mail raus.<\/p>\n\n\n\n<p>Bitte beachte, dass die Tickets <strong>nicht storniert<\/strong> werden k\u00f6nnen. Sie sind jedoch \u00fcber einen personalisierten Link in der Best\u00e4tigungsmail <strong>\u00fcbertragbar<\/strong>.<\/p>\n\n\n\n<h2 class=\"wp-block-heading\"><strong>Ein wichtiger Hinweis zu Allergien<\/strong><\/h2>\n\n\n\n<p>Das WordCamp Deutschland nimmt lebensbedrohliche Allergien sehr ernst. Auf dem Ticketformular findest du ein Optionsfeld f\u00fcr lebensbedrohliche Allergien. Wir gehen davon aus, dass du eine solche Allergie hast, wenn du mit dem Allergen in Kontakt kommst (egal ob du es gegessen, ber\u00fchrt oder eingeatmet hast) und sofort medizinische Hilfe ben\u00f6tigst.<\/p>\n\n\n\n<p>Wenn du eine solche Allergie hast, wollen wir davon wissen, um dich bestm\u00f6glich sch\u00fctzen zu k\u00f6nnen. Wenn du das K\u00e4stchen anklickst und deinen Kauf abschlie\u00dft, wird sich ein Mitglied des Organisationsteams mit dir in Verbindung setzen, um weitere Informationen zu erhalten.<\/p>\n\n\n\n<h3 class=\"wp-block-heading\"><strong>Visa-Brief<\/strong><\/h3>\n\n\n\n<p>Das Organisationsteam des WordCamp Deutschland (WCDE) kann dir einen Unterst\u00fctzungsbrief f\u00fcr deinen Visumsantrag ausstellen.<\/p>\n\n\n\n<hr class=\"wp-block-separator has-alpha-channel-opacity is-style-dots\" style=\"margin-top:0;margin-bottom:0\" \/>\n\n\n\n<h1 class=\"wp-block-heading\" id=\"english\">Get your ticket<\/h1>\n\n\n\n<p>We can&#8217;t wait to welcome you to WordCamp Germany 2023 (WCDE). <a href=\"#ticket\">You&#8217;re in the right place to order your ticket.<\/a><\/p>\n\n\n\n<p>WCDE marks a new high point in the landscape of WordPress events in Germany. During our three-day event we offer inspiring sessions, workshops and much more. Whether you join us as a developer, designer, content specialist, or just as a private person using WordPress: There&#8217;s something for everyone at WCDE \u2013 at an impressive price of just \u20ac50 per ticket.<\/p>\n\n\n\n<p>But WCDE is more than just an event. It&#8217;s a unique networking opportunity that feels less like a trade show and more like a joyous reunion. It&#8217;s where the WordPress open-source community meets, shares ideas, finds inspiration, and learns \u2013 and most importantly, we will spend a great time together.<\/p>\n\n\n\n<p>Our community includes freelancers, agency owners, plugin and theme authors, backend and frontend developers, designers, and marketers, to name a few. What unites us all is our love for the freedom and flexibility WordPress offers, and our desire to share ideas with like-minded people. But beware, the tickets are sold out quickly \u2013 <a href=\"#ticket\">so grab your ticket today!<\/a><\/p>\n\n\n\n<h2 class=\"wp-block-heading\">Grab your ticket today<\/h2>\n\n\n\n<p>Your ticket for WordCamp Germany gives you access to all three days of the conference:<\/p>\n\n\n\n<ul class=\"wp-block-list\">\n<li>Over 20 exciting presentations,<\/li>\n\n\n\n<li>interesting workshops,<\/li>\n\n\n\n<li>lunch every day,<\/li>\n\n\n\n<li>snack and drink breaks in the morning and afternoon,<\/li>\n\n\n\n<li>access to WordFest (the WordCamp after party),<\/li>\n\n\n\n<li>a cool t-shirt,<\/li>\n\n\n\n<li>the opportunity to network with our sponsors offering plugins, themes, hosting, security solutions and more,<\/li>\n\n\n\n<li>many opportunities to meet members of the WordPress community and network and<\/li>\n\n\n\n<li>attending the Contributor Day, where you&#8217;ll learn how to contribute to the WordPress Open-Source project (tickets for Contributor Day will be available soon).<\/li>\n<\/ul>\n\n\n\n<p>How can all this be possible at the unbeatable price of \u20ac50 per ticket? Thanks to the generosity of our sponsors, WordCamps are designed to be economically accessible to all. The price allows us to continue living the WordPress motto of &#8222;democratize publishing&#8220;.<\/p>\n\n\n\n<p>You want to continue supporting WordCamp Germany, but don&#8217;t want to buy a sponsor package right away? Then decide on a microsponsoring ticket. With this ticket, you pay the actual per-capita costs for your participation and thus enable people with lower incomes to have access to a subsidized ticket.<\/p>\n\n\n\n<p>The WordCamp is designed for 250 participants (including organizers, sponsors, speakers and volunteers). So don&#8217;t hesitate and register now!<\/p>\n\n\n\n<p>Note: A ticket contingent has already been reserved for speakers and volunteers, as well as sponsors and organizers. A separate message will be sent out by e-mail.<\/p>\n\n\n\n<p>Please note that the tickets <strong>cannot be cancelled<\/strong>. However, they are <strong>transferable via a personalized link<\/strong> in the confirmation email.<\/p>\n\n\n\n<h2 class=\"wp-block-heading\">An important note about allergies<\/h2>\n\n\n\n<p>WordCamp Germany takes life-threatening allergies very seriously. On the ticket form, you will find an option field for life-threatening allergies. We assume that you have such an allergy if you come into contact with the allergen (whether you ate it, touched it, or inhaled it) and need immediate medical attention.<\/p>\n\n\n\n<p>If you have such an allergy, we want to know about it, so we can best protect you. When you check the box and complete your purchase, a member of the organizing team will contact you for more information.<\/p>\n\n\n\n<h2 class=\"wp-block-heading\">Visa letter<\/h2>\n\n\n\n<p>The WordCamp Germany (WCDE) organizing team can provide you with a support letter for your visa application.<\/p>\n\n\n\n<hr class=\"wp-block-separator has-alpha-channel-opacity is-style-dots\" \/>\n\n\n\n<h2 class=\"wp-block-heading\" id=\"ticket\">Bestelle dein Ticket \/ Order your ticket<\/h2>\n\n\n<a href=\"https:\/\/germany.wordcamp.org\/2023\/tickets\/\">Bitte rufe diese Seite in einem Browser auf, um Tickets zu kaufen oder zu verwalten.<\/a>\n","protected":false},"excerpt":{"rendered":"<p>(English text below) Wir k\u00f6nnen es kaum erwarten, dich beim WordCamp Deutschland 2023 (WCDE) willkommen zu hei\u00dfen. Hier bist du genau richtig, um dein Ticket zu bestellen. Das WCDE markiert einen neuen H\u00f6hepunkt in der Landschaft der WordPress-Veranstaltungen in Deutschland. W\u00e4hrend unserer dreit\u00e4gigen Veranstaltung bieten wir inspirierende Sessions, Workshops und noch viel mehr. Egal, ob [&hellip;]<\/p>\n","protected":false},"author":13744016,"featured_media":0,"parent":0,"menu_order":0,"comment_status":"closed","ping_status":"closed","template":"","meta":{"jetpack_post_was_ever_published":false,"footnotes":""},"class_list":["post-13","page","type-page","status-publish","hentry"],"jetpack_sharing_enabled":true,"_links":{"self":[{"href":"https:\/\/germany.wordcamp.org\/2023\/wp-json\/wp\/v2\/pages\/13","targetHints":{"allow":["GET"]}}],"collection":[{"href":"https:\/\/germany.wordcamp.org\/2023\/wp-json\/wp\/v2\/pages"}],"about":[{"href":"https:\/\/germany.wordcamp.org\/2023\/wp-json\/wp\/v2\/types\/page"}],"author":[{"embeddable":true,"href":"https:\/\/germany.wordcamp.org\/2023\/wp-json\/wp\/v2\/users\/13744016"}],"replies":[{"embeddable":true,"href":"https:\/\/germany.wordcamp.org\/2023\/wp-json\/wp\/v2\/comments?post=13"}],"version-history":[{"count":19,"href":"https:\/\/germany.wordcamp.org\/2023\/wp-json\/wp\/v2\/pages\/13\/revisions"}],"predecessor-version":[{"id":1038,"href":"https:\/\/germany.wordcamp.org\/2023\/wp-json\/wp\/v2\/pages\/13\/revisions\/1038"}],"wp:attachment":[{"href":"https:\/\/germany.wordcamp.org\/2023\/wp-json\/wp\/v2\/media?parent=13"}],"curies":[{"name":"wp","href":"https:\/\/api.w.org\/{rel}","templated":true}]}}