{"id":193,"date":"2023-06-13T11:22:34","date_gmt":"2023-06-13T09:22:34","guid":{"rendered":"https:\/\/germany.wordcamp.org\/2023\/?page_id=193"},"modified":"2023-06-13T18:17:47","modified_gmt":"2023-06-13T16:17:47","slug":"richtlinien","status":"publish","type":"page","link":"https:\/\/germany.wordcamp.org\/2023\/richtlinien\/","title":{"rendered":"Richtlinien"},"content":{"rendered":"\n<h2 class=\"wp-block-heading\">Vereinbarung zwischen WordCamp-Veranstaltern, Referentinnen, Sponsoren und Freiwilligen<\/h2>\n\n\n\n<ol class=\"wp-block-list\">\n<li>Mir ist bewusst, dass WordCamps durch Live-Veranstaltungen die lokale WordPress-Community f\u00f6rdern sollen. Das Teilen von Online-Videos und anderer Materialien soll ebenfalls die Community unterst\u00fctzen.<\/li>\n\n\n\n<li>Ich wei\u00df, dass ein WordCamp eine ungezwungene, lokale und ehrenamtlich organisierte Veranstaltung ist, die sich auf WordPress konzentriert und die lokale WordPress-Community widerspiegelt, die es verk\u00f6rpert.<\/li>\n\n\n\n<li>Mir ist bewusst, dass von WordCamp-OrganisatorInnen, ReferentInnen, Sponsoren und Freiwilligen erwartet wird, dass sie das WordPress-Projekt und dessen Grunds\u00e4tze unterst\u00fctzen.<\/li>\n\n\n\n<li>Ich respektiere die Grunds\u00e4tze des WordPress-Projekts, die wie folgt lauten:\n<ul class=\"wp-block-list\">\n<li>Keine Diskriminierung auf Grundlage von wirtschaftlichem oder sozialem Status, Rasse, Hautfarbe, ethnischer Herkunft, Nationalit\u00e4t, Glauben, Religion, politischer \u00dcberzeugung, Geschlecht, sexueller Orientierung, Familienstand, Alter oder Behinderung<\/li>\n\n\n\n<li>Keine Anstiftung zur Gewalt oder F\u00f6rderung des Hasses<\/li>\n\n\n\n<li>Keine Spammer<\/li>\n\n\n\n<li>Respektieren der Marke WordPress<\/li>\n\n\n\n<li>\u00dcbernahme der WordPress-Lizenz. Beim Vertrieb von aus WordPress abgeleiteten Werken (Themes, Plugins, WP-Distributionen), sollte jede Person \/ jedes Unternehmen, welches offiziell mit dem WordCamp assoziiert ist, ihren Nutzern die gleichen Freiheiten einr\u00e4umen, die WordPress selbst gew\u00e4hrt: 100 % GPL oder eine kompatible Lizenz, die gleichen Richtlinien, denen wir auf WordPress.org folgen.<\/li>\n\n\n\n<li>keine F\u00f6rderung von Unternehmen oder Personen, die von WordPress abgeleitete Werke verbreiten, die nicht 100 % GPL kompatibel sind.<\/li>\n<\/ul>\n<\/li>\n\n\n\n<li>Ich erkenne an, dass WordCamps nicht-profitorientierte Veranstaltungen sind, die mit Budget- und Finanzierungstransparenz ausgerichtet werden.<\/li>\n\n\n\n<li>Ich stimme zu, dass WordCamps so vielen Menschen wie m\u00f6glich zug\u00e4nglich sein sollen, unabh\u00e4ngig von deren finanzieller Situation.<\/li>\n\n\n\n<li>Ich best\u00e4tige, dass ich kein\/e MitarbeiterIn der WordPress Foundation bin und am WordCamp ausschlie\u00dflich als Freiwillige\/r teilnehme.<\/li>\n<\/ol>\n\n\n\n<h4 class=\"wp-block-heading\">Die \u00dcbersetzung wurde vom WordCamp Hamburg 2014 Team erstellt, Quelle:<\/h4>\n\n\n\n<ul class=\"wp-block-list\">\n<li><a href=\"http:\/\/2014.hamburg.wordcamp.org\/ueber\/wordcamp-guidelines\/\">http:\/\/2014.hamburg.wordcamp.org\/ueber\/wordcamp-guidelines\/<\/a><\/li>\n\n\n\n<li><a href=\"http:\/\/plan.wordcamp.org\/agreement-among-wordcamp-organizers-speakers-sponsors-and-volunteers\/\">http:\/\/plan.wordcamp.org\/agreement-among-wordcamp-organizers-speakers-sponsors-and-volunteers\/<\/a><\/li>\n<\/ul>\n","protected":false},"excerpt":{"rendered":"<p>Vereinbarung zwischen WordCamp-Veranstaltern, Referentinnen, Sponsoren und Freiwilligen Die \u00dcbersetzung wurde vom WordCamp Hamburg 2014 Team erstellt, Quelle:<\/p>\n","protected":false},"author":9229005,"featured_media":0,"parent":0,"menu_order":0,"comment_status":"closed","ping_status":"closed","template":"","meta":{"jetpack_post_was_ever_published":false,"footnotes":""},"class_list":["post-193","page","type-page","status-publish","hentry"],"jetpack_sharing_enabled":true,"_links":{"self":[{"href":"https:\/\/germany.wordcamp.org\/2023\/wp-json\/wp\/v2\/pages\/193","targetHints":{"allow":["GET"]}}],"collection":[{"href":"https:\/\/germany.wordcamp.org\/2023\/wp-json\/wp\/v2\/pages"}],"about":[{"href":"https:\/\/germany.wordcamp.org\/2023\/wp-json\/wp\/v2\/types\/page"}],"author":[{"embeddable":true,"href":"https:\/\/germany.wordcamp.org\/2023\/wp-json\/wp\/v2\/users\/9229005"}],"replies":[{"embeddable":true,"href":"https:\/\/germany.wordcamp.org\/2023\/wp-json\/wp\/v2\/comments?post=193"}],"version-history":[{"count":3,"href":"https:\/\/germany.wordcamp.org\/2023\/wp-json\/wp\/v2\/pages\/193\/revisions"}],"predecessor-version":[{"id":230,"href":"https:\/\/germany.wordcamp.org\/2023\/wp-json\/wp\/v2\/pages\/193\/revisions\/230"}],"wp:attachment":[{"href":"https:\/\/germany.wordcamp.org\/2023\/wp-json\/wp\/v2\/media?parent=193"}],"curies":[{"name":"wp","href":"https:\/\/api.w.org\/{rel}","templated":true}]}}