{"id":1966,"date":"2023-09-14T12:19:47","date_gmt":"2023-09-14T10:19:47","guid":{"rendered":"https:\/\/germany.wordcamp.org\/2023\/?page_id=1966"},"modified":"2023-10-20T08:49:08","modified_gmt":"2023-10-20T06:49:08","slug":"supporter","status":"publish","type":"page","link":"https:\/\/germany.wordcamp.org\/2023\/sponsoren\/supporter\/","title":{"rendered":"Supporter"},"content":{"rendered":"\n<p class=\"wp-block-paragraph\">WordCamp Deutschland ist dankbar f\u00fcr die Unterst\u00fctzung durch unsere Sponsoren. Ihr Beitrag erm\u00f6glicht es uns, eine hochwertige Veranstaltung zu organisieren, bei der sich jeder willkommen f\u00fchlt.<\/p>\n\n\n\n<hr class=\"wp-block-separator has-alpha-channel-opacity is-style-dots\" \/>\n\n\n<ul class=\"wordcamp-block wordcamp-post-list has-layout-grid wordcamp-sponsors has-grid-columns-2\"><li class=\"wordcamp-post-list__post wordcamp-clearfix\">\n<div class=\"wordcamp-sponsor wordcamp-sponsors__post slug-awesome-ug\">\n\t\n\t\t\t<div class=\"wordcamp-image__featured-image-container wordcamp-sponsors__featured-image wordcamp-sponsors__logo align-none\"><a href=\"https:\/\/germany.wordcamp.org\/2023\/sponsor\/awesome-ug\/\" class=\"wordcamp-image__featured-image-link\"><img loading=\"lazy\" decoding=\"async\" width=\"300\" height=\"39\" src=\"https:\/\/germany.wordcamp.org\/2023\/files\/2023\/09\/awesomeUG-300x39.png\" class=\"wordcamp-image__featured-image wp-post-image\" alt=\"\" srcset=\"https:\/\/germany.wordcamp.org\/2023\/files\/2023\/09\/awesomeUG-300x39.png 300w, https:\/\/germany.wordcamp.org\/2023\/files\/2023\/09\/awesomeUG-768x100.png 768w, https:\/\/germany.wordcamp.org\/2023\/files\/2023\/09\/awesomeUG-500x65.png 500w, https:\/\/germany.wordcamp.org\/2023\/files\/2023\/09\/awesomeUG.png 800w\" sizes=\"auto, (max-width: 300px) 100vw, 300px\" \/><\/a><\/div>\t\n\t\t\t<div class=\"wordcamp-block__item-content wordcamp-sponsors__content is-full\"><p class=\"wp-block-paragraph\">Awesome UG<\/p>\n<\/div>\t<\/div>\n\n<\/li><li class=\"wordcamp-post-list__post wordcamp-clearfix\">\n<div class=\"wordcamp-sponsor wordcamp-sponsors__post slug-eat-de\">\n\t\n\t\t\t<div class=\"wordcamp-image__featured-image-container wordcamp-sponsors__featured-image wordcamp-sponsors__logo align-none\"><a href=\"https:\/\/germany.wordcamp.org\/2023\/sponsor\/eat-de\/\" class=\"wordcamp-image__featured-image-link\"><img loading=\"lazy\" decoding=\"async\" width=\"300\" height=\"99\" src=\"https:\/\/germany.wordcamp.org\/2023\/files\/2023\/08\/eat_logo_standard_1000px-300x99.png\" class=\"wordcamp-image__featured-image wp-post-image\" alt=\"\" srcset=\"https:\/\/germany.wordcamp.org\/2023\/files\/2023\/08\/eat_logo_standard_1000px-300x99.png 300w, https:\/\/germany.wordcamp.org\/2023\/files\/2023\/08\/eat_logo_standard_1000px-768x254.png 768w, https:\/\/germany.wordcamp.org\/2023\/files\/2023\/08\/eat_logo_standard_1000px-500x166.png 500w, https:\/\/germany.wordcamp.org\/2023\/files\/2023\/08\/eat_logo_standard_1000px.png 1000w\" sizes=\"auto, (max-width: 300px) 100vw, 300px\" \/><\/a><\/div>\t\n\t\t\t<div class=\"wordcamp-block__item-content wordcamp-sponsors__content is-full\"><p class=\"wp-block-paragraph\"><a href=\"https:\/\/eat.de\/\" rel=\"nofollow\">https:\/\/eat.de\/<\/a><\/p>\n<\/div>\t<\/div>\n\n<\/li><li class=\"wordcamp-post-list__post wordcamp-clearfix\">\n<div class=\"wordcamp-sponsor wordcamp-sponsors__post slug-luehrsen-heinrich\">\n\t\n\t\t\t<div class=\"wordcamp-image__featured-image-container wordcamp-sponsors__featured-image wordcamp-sponsors__logo align-none\"><a href=\"https:\/\/germany.wordcamp.org\/2023\/sponsor\/luehrsen-heinrich\/\" class=\"wordcamp-image__featured-image-link\"><img loading=\"lazy\" decoding=\"async\" width=\"298\" height=\"61\" src=\"https:\/\/germany.wordcamp.org\/2023\/files\/2023\/10\/lh-300x61.png\" class=\"wordcamp-image__featured-image wp-post-image\" alt=\"\" srcset=\"https:\/\/germany.wordcamp.org\/2023\/files\/2023\/10\/lh-300x61.png 300w, https:\/\/germany.wordcamp.org\/2023\/files\/2023\/10\/lh-1024x207.png 1024w, https:\/\/germany.wordcamp.org\/2023\/files\/2023\/10\/lh-768x156.png 768w, https:\/\/germany.wordcamp.org\/2023\/files\/2023\/10\/lh-500x101.png 500w, https:\/\/germany.wordcamp.org\/2023\/files\/2023\/10\/lh.png 1481w\" sizes=\"auto, (max-width: 298px) 100vw, 298px\" \/><\/a><\/div>\t\n\t\t\t<div class=\"wordcamp-block__item-content wordcamp-sponsors__content is-full\"><p class=\"wp-block-paragraph\"><a href=\"https:\/\/www.luehrsen-heinrich.de\/\" rel=\"nofollow\">https:\/\/www.luehrsen-heinrich.de\/<\/a><\/p>\n<\/div>\t<\/div>\n\n<\/li><li class=\"wordcamp-post-list__post wordcamp-clearfix\">\n<div class=\"wordcamp-sponsor wordcamp-sponsors__post slug-oceanwp\">\n\t\n\t\t\t<div class=\"wordcamp-image__featured-image-container wordcamp-sponsors__featured-image wordcamp-sponsors__logo align-none\"><a href=\"https:\/\/germany.wordcamp.org\/2023\/sponsor\/oceanwp\/\" class=\"wordcamp-image__featured-image-link\"><img loading=\"lazy\" decoding=\"async\" width=\"300\" height=\"60\" src=\"https:\/\/germany.wordcamp.org\/2023\/files\/2023\/08\/oceanwp-logo-dark-Marko-Stolibojkovic-300x60.png\" class=\"wordcamp-image__featured-image wp-post-image\" alt=\"\" srcset=\"https:\/\/germany.wordcamp.org\/2023\/files\/2023\/08\/oceanwp-logo-dark-Marko-Stolibojkovic-300x60.png 300w, https:\/\/germany.wordcamp.org\/2023\/files\/2023\/08\/oceanwp-logo-dark-Marko-Stolibojkovic-1024x205.png 1024w, https:\/\/germany.wordcamp.org\/2023\/files\/2023\/08\/oceanwp-logo-dark-Marko-Stolibojkovic-768x154.png 768w, https:\/\/germany.wordcamp.org\/2023\/files\/2023\/08\/oceanwp-logo-dark-Marko-Stolibojkovic-500x100.png 500w, https:\/\/germany.wordcamp.org\/2023\/files\/2023\/08\/oceanwp-logo-dark-Marko-Stolibojkovic-1536x307.png 1536w, https:\/\/germany.wordcamp.org\/2023\/files\/2023\/08\/oceanwp-logo-dark-Marko-Stolibojkovic.png 2000w\" sizes=\"auto, (max-width: 300px) 100vw, 300px\" \/><\/a><\/div>\t\n\t\t\t<div class=\"wordcamp-block__item-content wordcamp-sponsors__content is-full\"><p class=\"wp-block-paragraph\"><a href=\"http:\/\/www.oceanwp.org\" rel=\"nofollow\">http:\/\/www.oceanwp.org<\/a><\/p>\n<\/div>\t<\/div>\n\n<\/li><li class=\"wordcamp-post-list__post wordcamp-clearfix\">\n<div class=\"wordcamp-sponsor wordcamp-sponsors__post slug-search-one\">\n\t\n\t\t\t<div class=\"wordcamp-image__featured-image-container wordcamp-sponsors__featured-image wordcamp-sponsors__logo align-none\"><a href=\"https:\/\/germany.wordcamp.org\/2023\/sponsor\/search-one\/\" class=\"wordcamp-image__featured-image-link\"><img loading=\"lazy\" decoding=\"async\" width=\"300\" height=\"156\" src=\"https:\/\/germany.wordcamp.org\/2023\/files\/2023\/07\/search_one_logo-Kai-Spriestersbach-300x156.png\" class=\"wordcamp-image__featured-image wp-post-image\" alt=\"\" srcset=\"https:\/\/germany.wordcamp.org\/2023\/files\/2023\/07\/search_one_logo-Kai-Spriestersbach-300x156.png 300w, https:\/\/germany.wordcamp.org\/2023\/files\/2023\/07\/search_one_logo-Kai-Spriestersbach-500x260.png 500w, https:\/\/germany.wordcamp.org\/2023\/files\/2023\/07\/search_one_logo-Kai-Spriestersbach.png 577w\" sizes=\"auto, (max-width: 300px) 100vw, 300px\" \/><\/a><\/div>\t\n\t\t\t<div class=\"wordcamp-block__item-content wordcamp-sponsors__content is-full\"><p class=\"wp-block-paragraph\"><a href=\"https:\/\/www.search-one.de\/\" rel=\"nofollow\">https:\/\/www.search-one.de\/<\/a><\/p>\n<\/div>\t<\/div>\n\n<\/li><li class=\"wordcamp-post-list__post wordcamp-clearfix\">\n<div class=\"wordcamp-sponsor wordcamp-sponsors__post slug-wedos\">\n\t\n\t\t\t<div class=\"wordcamp-image__featured-image-container wordcamp-sponsors__featured-image wordcamp-sponsors__logo align-none\"><a href=\"https:\/\/germany.wordcamp.org\/2023\/sponsor\/wedos\/\" class=\"wordcamp-image__featured-image-link\"><img loading=\"lazy\" decoding=\"async\" width=\"300\" height=\"300\" src=\"https:\/\/germany.wordcamp.org\/2023\/files\/2023\/10\/WEDOS-300x300.png\" class=\"wordcamp-image__featured-image wp-post-image\" alt=\"\" srcset=\"https:\/\/germany.wordcamp.org\/2023\/files\/2023\/10\/WEDOS-300x300.png 300w, https:\/\/germany.wordcamp.org\/2023\/files\/2023\/10\/WEDOS-150x150.png 150w, https:\/\/germany.wordcamp.org\/2023\/files\/2023\/10\/WEDOS.png 500w\" sizes=\"auto, (max-width: 300px) 100vw, 300px\" \/><\/a><\/div>\t\n\t\t\t<div class=\"wordcamp-block__item-content wordcamp-sponsors__content is-full\"><p class=\"wp-block-paragraph\"><a href=\"https:\/\/wedos.com\" rel=\"nofollow\">https:\/\/wedos.com <\/a><\/p>\n<\/div>\t<\/div>\n\n<\/li><\/ul>","protected":false},"excerpt":{"rendered":"<p>WordCamp Deutschland ist dankbar f\u00fcr die Unterst\u00fctzung durch unsere Sponsoren. Ihr Beitrag erm\u00f6glicht es uns, eine hochwertige Veranstaltung zu organisieren, bei der sich jeder willkommen f\u00fchlt.<\/p>\n","protected":false},"author":1457643,"featured_media":0,"parent":10,"menu_order":0,"comment_status":"closed","ping_status":"closed","template":"","meta":{"_crdt_document":"","jetpack_post_was_ever_published":false,"footnotes":""},"class_list":["post-1966","page","type-page","status-publish","hentry"],"jetpack_sharing_enabled":true,"_links":{"self":[{"href":"https:\/\/germany.wordcamp.org\/2023\/wp-json\/wp\/v2\/pages\/1966","targetHints":{"allow":["GET"]}}],"collection":[{"href":"https:\/\/germany.wordcamp.org\/2023\/wp-json\/wp\/v2\/pages"}],"about":[{"href":"https:\/\/germany.wordcamp.org\/2023\/wp-json\/wp\/v2\/types\/page"}],"author":[{"embeddable":true,"href":"https:\/\/germany.wordcamp.org\/2023\/wp-json\/wp\/v2\/users\/1457643"}],"replies":[{"embeddable":true,"href":"https:\/\/germany.wordcamp.org\/2023\/wp-json\/wp\/v2\/comments?post=1966"}],"version-history":[{"count":7,"href":"https:\/\/germany.wordcamp.org\/2023\/wp-json\/wp\/v2\/pages\/1966\/revisions"}],"predecessor-version":[{"id":3082,"href":"https:\/\/germany.wordcamp.org\/2023\/wp-json\/wp\/v2\/pages\/1966\/revisions\/3082"}],"up":[{"embeddable":true,"href":"https:\/\/germany.wordcamp.org\/2023\/wp-json\/wp\/v2\/pages\/10"}],"wp:attachment":[{"href":"https:\/\/germany.wordcamp.org\/2023\/wp-json\/wp\/v2\/media?parent=1966"}],"curies":[{"name":"wp","href":"https:\/\/api.w.org\/{rel}","templated":true}]}}