{"id":208,"date":"2023-06-13T13:10:22","date_gmt":"2023-06-13T11:10:22","guid":{"rendered":"https:\/\/germany.wordcamp.org\/2023\/?page_id=208"},"modified":"2023-10-17T08:15:15","modified_gmt":"2023-10-17T06:15:15","slug":"anreise-nach-gerolstein","status":"publish","type":"page","link":"https:\/\/germany.wordcamp.org\/2023\/anreise-nach-gerolstein\/","title":{"rendered":"Anreise nach Gerolstein"},"content":{"rendered":"\n<p>Trotz seiner abgelegenen Lage im Westen Deutschlands, nahe den Grenzen zu Luxemburg und Belgien, ist Gerolstein gut erreichbar. Ob mit dem Auto, den \u00f6ffentlichen Verkehrsmitteln oder sogar mit dem Fahrrad, es gibt viele Wege, um dorthin zu gelangen. <\/p>\n\n\n\n<p><strong>Adresse<\/strong>: Stadthalle Rondell \u2013 Rondell 1, 54568 Gerolstein<br><strong>Adresse f\u00fcr das Navi:<\/strong> Parkplatz Brunnenstra\u00dfe \/ Rondell 10, 54568 Gerolstein (ansonsten leitet das Navi durch die Fu\u00dfg\u00e4ngerzone zum oberen Eingang des Geb\u00e4udes)<\/p>\n\n\n\n<p><strong>Google Maps Pin<\/strong>: <a href=\"https:\/\/maps.app.goo.gl\/CJUNVeTGqiC7Pmgx7\">https:\/\/maps.app.goo.gl\/CJUNVeTGqiC7Pmgx7<\/a><\/p>\n\n\n\n<h2 class=\"wp-block-heading\">Mit dem Auto<\/h2>\n\n\n\n<p class=\"has-contrast-color has-tertiary-background-color has-text-color has-background has-link-color wp-elements-3f7703314bd27020034e2ab829d40f64\">Wir empfehlen Winterbereifung!<\/p>\n\n\n\n<p><strong>Aus Richtung Norden \u2013 K\u00f6ln (100 km):<\/strong><\/p>\n\n\n\n<p>BAB A 1 \/ Ausfahrt Tondorf, L 115 \/ Dollendorf, L 26\/Hillesheim, K 56\/Dohm-Lammersdorf, L 29\/ Gerolstein<\/p>\n\n\n\n<p><strong>Aus Richtung Nord-West Pr\u00fcm (20 km):<\/strong><\/p>\n\n\n\n<p>BAB A 60\/Ausfahrt Pr\u00fcm, B 51\/Pr\u00fcm, B 410\/Gerolstein<\/p>\n\n\n\n<p><strong>Aus Richtung West \u2013 Bitburg (38 km):<\/strong><\/p>\n\n\n\n<p>B 51\/Flie\u00dfem, L 32\/Neustra\u00dfburg, L 33\/Densborn, L 24\/Lissingen, B&nbsp; 410\/Gerolstein<\/p>\n\n\n\n<p><strong>Aus Richtung S\u00fcden \u2013 Kyllburg (28 km):<\/strong><\/p>\n\n\n\n<p>L 24\/Lissingen, B 410\/Gerolstein<\/p>\n\n\n\n<p><strong>Aus Richtung S\u00fcd-Ost \u2013 Daun (21 km):<\/strong><\/p>\n\n\n\n<p>B 421\/Dockweiler; B 410\/Gerolstein&nbsp;<\/p>\n\n\n\n<p><strong>Aus Richtung Ost \u2013 Koblenz (90 km):<\/strong><\/p>\n\n\n\n<p>BAB A 48\/Vulkaneifeldreieck, BAB A 1\/ Ausfahrt Gerolstein, B 410\/Gerolstein<\/p>\n\n\n\n<p><strong>Aus Richtung Nord-Ost \u2013 N\u00fcrburgring (32 km):<\/strong><\/p>\n\n\n\n<p>B 258\/Potsdamer Platz, B 257\/Kelberg, B 410\/Gerolstein<\/p>\n\n\n\n<h2 class=\"wp-block-heading\">Anreise per Bahn<\/h2>\n\n\n\n<p class=\"has-background\" style=\"background-color:#ffc0c0\"><strong>Hinweis<\/strong>: Die Bahnstrecken aus Norden und Westen nach Gerolstein sind derzeit noch nicht durchg\u00e4ngig m\u00f6glich aufgrund der Unwettersch\u00e4den vom Sommer 2021. Wir haben einen Shuttle-Service von K\u00f6ln Hauptbahnhof nach Gerolstein und zur\u00fcck eingerichtet. <a href=\"https:\/\/germany.wordcamp.org\/2023\/wordcamp-shuttle\/\" data-type=\"page\" data-id=\"2225\">Das Formular f\u00fcr die verbindliche Buchung (Pl\u00e4tze sind limitiert) findest du auf der Seite WordCamp Shuttle.<\/a><\/p>\n\n\n\n<h3 class=\"wp-block-heading\">Aus Richtung Norden \u2013 K\u00f6ln<\/h3>\n\n\n\n<p>Aufgrund der starken Unwettersch\u00e4den im Sommer 2021 an der Eifelstrecke ist der Zugverkehr in absehbarer Zeit leider noch eingeschr\u00e4nkt. Z\u00fcge aus Richtung K\u00f6ln fahren bis Kall. Ab Kall geht es dann mit einem Schnellbus weiter bis Gerolstein. Die Bushaltestelle (ZOB) liegt g\u00fcnstig in direkter N\u00e4he zur Stadthalle Rondell in Gerolstein, also genau dort, wo das WordCamp stattfindet.<\/p>\n\n\n\n<p><strong>Schnellbus Gerolstein&nbsp;&#8211; Kall:&nbsp;<\/strong><\/p>\n\n\n\n<ul class=\"wp-block-list\">\n<li>in Kall Anschluss zu den Z\u00fcgen Richtung K\u00f6ln,&nbsp;sowie zum Schienenersatzverkehr Ri.&nbsp;Nettersheim<\/li>\n\n\n\n<li>H\u00e4lt nur in Oberbettingen, Lissendorf, J\u00fcnkerath,&nbsp;Dahlem (Eifel) und Blankenheim Wald<\/li>\n\n\n\n<li>Taktung montags bis sonntags im Stundentakt<\/li>\n\n\n\n<li><a rel=\"noreferrer noopener\" href=\"https:\/\/www.zuginfo.nrw\/download\/1680580735522_Schnellbus.pdf\" target=\"_blank\">Fahrplan ab 17.04.2023<\/a><\/li>\n<\/ul>\n\n\n\n<h3 class=\"wp-block-heading\">Aus Richtung Nord-Ost \/ Osten \u2013 Koblenz<\/h3>\n\n\n\n<p>Ab Koblenz Hbf: Strecke Koblenz &#8211; Trier  <br>Dauer: 2h 40min, 1 Umstiege<\/p>\n\n\n\n<ul class=\"wp-block-list\">\n<li>in Koblenz Hbf in den Zug RE 1 Richtung Trier<\/li>\n\n\n\n<li>in Cochem Umstieg in den Regiobus Linie 700 nach Gerolstein<\/li>\n\n\n\n<li>Taktung montags bis sonntags im Stundentakt<\/li>\n\n\n\n<li><a href=\"https:\/\/germany.wordcamp.org\/2023\/files\/2023\/06\/buslinie-700.pdf\" data-type=\"URL\" data-id=\"https:\/\/germany.wordcamp.org\/2023\/files\/2023\/06\/buslinie-700.pdf\">Linie 700 Gerolstein &#8211; Pelm &#8211; Hohenfels-Essingen &#8211; Dockweiler &#8211; Daun &#8211; Ulmen &#8211; Cochem AB<\/a> (PDF)<\/li>\n<\/ul>\n\n\n\n<h3 class=\"wp-block-heading\">Aus Richtung S\u00fcden \/ S\u00fcd-West \u2013 Trier<\/h3>\n\n\n\n<p>Ab Trier Hbf: Strecke Trier &#8211; Gerolstein<br>Dauer: 1h 18 min, kein Umstieg notwendig<\/p>\n\n\n\n<ul class=\"wp-block-list\">\n<li>In Trier Hbf in den Zug RB 22 in Richtung Gerolstein<\/li>\n\n\n\n<li>Taktung montags bis sonntags im Stundentakt<\/li>\n<\/ul>\n\n\n\n<p class=\"has-background\" style=\"background-color:#ffc0c0\">Bitte beachten, dass aufgrund von Br\u00fcckenarbeiten in der Zeit vom 14. Oktober bis 29. Oktober die Z\u00fcge von Trier nach Gerolstein und zur\u00fcck teilweise beim Zwischenhalt in Kyllburg durch einen Schienenersatzverkehr ersetzt werden. <a href=\"https:\/\/bauinfos.deutschebahn.com\/linie\/RERB22-Koeln-Trier\">Weitere Informationen findest du auf der Website der Deutschen Bahn.<\/a><\/p>\n\n\n\n<h2 class=\"wp-block-heading\">Mit dem Flugzeug<\/h2>\n\n\n\n<p>Der n\u00e4chstgelegene Flughafen in der Umgebung von Gerolstein ist Hahn (HHN) Flughafen in 53.1 km Entfernung. Dieser hat allerdings keine gute \u00d6PNV Anbindung. Hier w\u00e4re es ratsam, einen Leihwagen zu mieten.<\/p>\n\n\n\n<p>Weitere Flugh\u00e4fen in der N\u00e4he sind <\/p>\n\n\n\n<ul class=\"wp-block-list\">\n<li>Luxembourg (LUX) (72.9 km), <\/li>\n\n\n\n<li>K\u00f6ln\/Bonn (CGN) (79.8 km), <\/li>\n\n\n\n<li>D\u00fcsseldorf (DUS) (117.6 km) <\/li>\n\n\n\n<li>Frankfurt (FRA) (137.4 km).<\/li>\n<\/ul>\n\n\n\n<p><strong>Der bestgelegene Flughafen mit Anschlussverbindung \u00fcber \u00d6PNV ist der Flughafen K\u00f6ln\/Bonn.<\/strong> Ab Flughafen K\u00f6ln\/Bonn in den Regionalexpress zum Hauptbahnhof K\u00f6ln und von dort aus dann nach Gerolstein. Auch bitte beachten, dass derzeit eine Teilstrecke zwischen K\u00f6ln-Gerolstein bedingt durch Hochwassersch\u00e4den \u00fcber den Schienenersatzverkehr mittels Bus fortgef\u00fchrt wird.<\/p>\n","protected":false},"excerpt":{"rendered":"<p>Trotz seiner abgelegenen Lage im Westen Deutschlands, nahe den Grenzen zu Luxemburg und Belgien, ist Gerolstein gut erreichbar. Ob mit dem Auto, den \u00f6ffentlichen Verkehrsmitteln oder sogar mit dem Fahrrad, es gibt viele Wege, um dorthin zu gelangen. Adresse: Stadthalle Rondell \u2013 Rondell 1, 54568 GerolsteinAdresse f\u00fcr das Navi: Parkplatz Brunnenstra\u00dfe \/ Rondell 10, 54568 [&hellip;]<\/p>\n","protected":false},"author":9229005,"featured_media":0,"parent":0,"menu_order":0,"comment_status":"closed","ping_status":"closed","template":"","meta":{"jetpack_post_was_ever_published":false,"footnotes":""},"class_list":["post-208","page","type-page","status-publish","hentry"],"jetpack_sharing_enabled":true,"_links":{"self":[{"href":"https:\/\/germany.wordcamp.org\/2023\/wp-json\/wp\/v2\/pages\/208","targetHints":{"allow":["GET"]}}],"collection":[{"href":"https:\/\/germany.wordcamp.org\/2023\/wp-json\/wp\/v2\/pages"}],"about":[{"href":"https:\/\/germany.wordcamp.org\/2023\/wp-json\/wp\/v2\/types\/page"}],"author":[{"embeddable":true,"href":"https:\/\/germany.wordcamp.org\/2023\/wp-json\/wp\/v2\/users\/9229005"}],"replies":[{"embeddable":true,"href":"https:\/\/germany.wordcamp.org\/2023\/wp-json\/wp\/v2\/comments?post=208"}],"version-history":[{"count":14,"href":"https:\/\/germany.wordcamp.org\/2023\/wp-json\/wp\/v2\/pages\/208\/revisions"}],"predecessor-version":[{"id":2962,"href":"https:\/\/germany.wordcamp.org\/2023\/wp-json\/wp\/v2\/pages\/208\/revisions\/2962"}],"wp:attachment":[{"href":"https:\/\/germany.wordcamp.org\/2023\/wp-json\/wp\/v2\/media?parent=208"}],"curies":[{"name":"wp","href":"https:\/\/api.w.org\/{rel}","templated":true}]}}