{"id":218,"date":"2023-06-16T16:18:45","date_gmt":"2023-06-16T14:18:45","guid":{"rendered":"https:\/\/germany.wordcamp.org\/2023\/?page_id=218"},"modified":"2023-10-16T20:14:18","modified_gmt":"2023-10-16T18:14:18","slug":"veranstaltungsort","status":"publish","type":"page","link":"https:\/\/germany.wordcamp.org\/2023\/veranstaltungsort\/","title":{"rendered":"Veranstaltungsort"},"content":{"rendered":"\n<p>Das WordCamp Deutschland 2023 findet vom 19. Oktober bis 21. Oktober 2023 in der Stadthalle Rondell in Gerolstein \/ Vulkaneifel statt.  <strong>Adresse<\/strong>: Stadthalle Rondell &#8211; Rondell 1, 54568 Gerolstein<\/p>\n\n\n\n<figure class=\"wp-block-image aligncenter size-full\"><img loading=\"lazy\" decoding=\"async\" width=\"760\" height=\"360\" src=\"https:\/\/germany.wordcamp.org\/2023\/files\/2023\/06\/stadthalle-rondell-aussenansicht.jpeg\" alt=\"Aussenansicht der Stadthalle Rondell in Gerolstein, Vulkaneifel\" class=\"wp-image-263\" srcset=\"https:\/\/germany.wordcamp.org\/2023\/files\/2023\/06\/stadthalle-rondell-aussenansicht.jpeg 760w, https:\/\/germany.wordcamp.org\/2023\/files\/2023\/06\/stadthalle-rondell-aussenansicht-300x142.jpeg 300w, https:\/\/germany.wordcamp.org\/2023\/files\/2023\/06\/stadthalle-rondell-aussenansicht-500x237.jpeg 500w\" sizes=\"auto, (max-width: 760px) 100vw, 760px\" \/><figcaption class=\"wp-element-caption\">Photo: Stadt Gerolstein<\/figcaption><\/figure>\n\n\n\n<p>Die Stadthalle Rondell in Gerolstein, einem staatlich anerkannten Luftkurort in Rheinland-Pfalz, bietet Platz f\u00fcr bis zu 800 Personen und ist ideal f\u00fcr eine Vielzahl von Veranstaltungen\u200b. <\/p>\n\n\n\n<h2 class=\"wp-block-heading\" id=\"lageplan\">Lageplan<\/h2>\n\n\n\n<div class=\"wp-block-group is-nowrap is-layout-flex wp-container-core-group-is-layout-6c531013 wp-block-group-is-layout-flex\">\n<figure data-wp-context=\"{&quot;imageId&quot;:&quot;69e590f1929f9&quot;}\" data-wp-interactive=\"core\/image\" data-wp-key=\"69e590f1929f9\" class=\"wp-block-image size-large is-resized wp-lightbox-container\"><img loading=\"lazy\" decoding=\"async\" width=\"797\" height=\"1024\" data-wp-class--hide=\"state.isContentHidden\" data-wp-class--show=\"state.isContentVisible\" data-wp-init=\"callbacks.setButtonStyles\" data-wp-on--click=\"actions.showLightbox\" data-wp-on--load=\"callbacks.setButtonStyles\" data-wp-on--pointerdown=\"actions.preloadImage\" data-wp-on--pointerenter=\"actions.preloadImageWithDelay\" data-wp-on--pointerleave=\"actions.cancelPreload\" data-wp-on-window--resize=\"callbacks.setButtonStyles\" src=\"https:\/\/germany.wordcamp.org\/2023\/files\/2023\/10\/WCDE23-Lageplan-797x1024.png\" alt=\"\" class=\"wp-image-2915\" style=\"width:500px\" srcset=\"https:\/\/germany.wordcamp.org\/2023\/files\/2023\/10\/WCDE23-Lageplan-797x1024.png 797w, https:\/\/germany.wordcamp.org\/2023\/files\/2023\/10\/WCDE23-Lageplan-234x300.png 234w, https:\/\/germany.wordcamp.org\/2023\/files\/2023\/10\/WCDE23-Lageplan-768x987.png 768w, https:\/\/germany.wordcamp.org\/2023\/files\/2023\/10\/WCDE23-Lageplan.png 970w\" sizes=\"auto, (max-width: 797px) 100vw, 797px\" \/><button\n\t\t\tclass=\"lightbox-trigger\"\n\t\t\ttype=\"button\"\n\t\t\taria-haspopup=\"dialog\"\n\t\t\taria-label=\"Enlarge\"\n\t\t\tdata-wp-init=\"callbacks.initTriggerButton\"\n\t\t\tdata-wp-on--click=\"actions.showLightbox\"\n\t\t\tdata-wp-style--right=\"state.imageButtonRight\"\n\t\t\tdata-wp-style--top=\"state.imageButtonTop\"\n\t\t>\n\t\t\t<svg xmlns=\"http:\/\/www.w3.org\/2000\/svg\" width=\"12\" height=\"12\" fill=\"none\" viewBox=\"0 0 12 12\">\n\t\t\t\t<path fill=\"#fff\" d=\"M2 0a2 2 0 0 0-2 2v2h1.5V2a.5.5 0 0 1 .5-.5h2V0H2Zm2 10.5H2a.5.5 0 0 1-.5-.5V8H0v2a2 2 0 0 0 2 2h2v-1.5ZM8 12v-1.5h2a.5.5 0 0 0 .5-.5V8H12v2a2 2 0 0 1-2 2H8Zm2-12a2 2 0 0 1 2 2v2h-1.5V2a.5.5 0 0 0-.5-.5H8V0h2Z\" \/>\n\t\t\t<\/svg>\n\t\t<\/button><\/figure>\n<\/div>\n\n\n\n<h3 class=\"wp-block-heading\">Barrierefreiheit<\/h3>\n\n\n\n<p>Die Stadthalle Rondell ist barrierefrei ausgebaut. Beide Zug\u00e4nge zum Geb\u00e4ude \u2013 von der Brunnenstra\u00dfe sowie oben von der Fu\u00dfg\u00e4ngerzone aus \u2013 sind ebenerdig und es f\u00fchrt ein ger\u00e4umiger Aufzug zur Stadthalle im mittleren Stockwerk. Es sind Rollstuhl-gerechte Toilettenanlagen vorhanden.<\/p>\n\n\n\n<h3 class=\"wp-block-heading\">Parken und \u00d6PNV<\/h3>\n\n\n\n<p>Von der Brunnenstra\u00dfe (B410) aus befinden sich fu\u00dfl\u00e4ufig mehrere Parkpl\u00e4tze. Die meisten Parkpl\u00e4tze sind kostenpflichtig. Die Geb\u00fchren sind an den Parkscheinautomaten ausgewiesen. <\/p>\n\n\n\n<p>Der Busbahnhof (ZOB) befindet sich in der direkten N\u00e4he zur Stadthalle. Der Bahnhof in Gerolstein liegt schr\u00e4g gegen\u00fcber auf der anderen Stra\u00dfenseite und \u00fcber den Flu\u00df Kyll. Der Bahnhof ist ebenfalls barrierefrei zu erreichen.<\/p>\n\n\n\n<h2 class=\"wp-block-heading\">\u00dcber Gerolstein <\/h2>\n\n\n\n<p>Gerolstein liegt in der wundersch\u00f6nen Vulkaneifel und ist die bev\u00f6lkerungsm\u00e4\u00dfig zweitgr\u00f6\u00dfte Gemeinde des Landkreises Vulkaneifel, obwohl sie fl\u00e4chenm\u00e4\u00dfig die gr\u00f6\u00dfte ist. <\/p>\n\n\n\n<p>Die Stadt ist bekannt f\u00fcr die Getr\u00e4nkefirma Gerolsteiner Brunnen und hat eine reiche Geschichte, die bis in die Altsteinzeit zur\u00fcckreicht, wie Funde aus dem Buchenloch und der Magdalenah\u00f6hle belegen. Interessant ist, dass Gerolstein schon seit 1724 Mineralwasser abf\u00fcllt und verkauft, was bis heute die Grundlage f\u00fcr die Gerolsteiner Mineralwasserindustrie bildet\u200b\u200b.<\/p>\n\n\n\n<p>Die Stadt Gerolstein ist in zehn Ortsbezirke bzw. Stadtteile unterteilt, darunter die Kernstadt, Bewingen, B\u00fcscheich, Gees, Hinterhausen, Lissingen, Michelbach, M\u00fcllenborn, Oos und Roth. Jeder Stadtteil hat seinen eigenen Charme und tr\u00e4gt zur reichen Vielfalt der Stadt bei\u200b.<\/p>\n\n\n\n<p>Die Geschichte von Gerolstein ist voller Auf und Abs. Erstmals tauchte eine Form des Namens Gerolstein im Jahr 1115 auf, im Zusammenhang mit dem Bau der L\u00f6wenburg, die damals als Burg Gerhardstein bekannt war. Die Stadtrechte wurden Gerolstein 1336 verliehen. Nach mehreren Zerst\u00f6rungen und Wiederaufbauten im Laufe der Jahrhunderte, einschlie\u00dflich der fast vollst\u00e4ndigen Zerst\u00f6rung durch Br\u00e4nde in den Jahren 1708 und 1784, kam Gerolstein schlie\u00dflich 1815 zum K\u00f6nigreich Preu\u00dfen.<\/p>\n\n\n\n<h3 class=\"wp-block-heading\">Natur und Wahrzeichen von Gerolstein<\/h3>\n\n\n\n<p>Die Felsen \u201eHustley\u201c, \u201eMunterley\u201c, \u201eDrohende Ley\u201c, \u201eGro\u00dfe Kanzel\u201c und \u201eAuberg\u201c pr\u00e4gen das Stadtbild und bilden das Wahrzeichen Gerolsteins.<\/p>\n\n\n\n<p>Mit einer Fl\u00e4che von ca. 102 Hektar ist das Gebiet um die Gerolsteiner Dolomiten seit 1990 als Naturschutzgebiet ausgezeichnet.<\/p>\n\n\n\n<p>Vor rund 370 Millionen Jahren lag hier ein warmes, subtropisches Flachmeer, in dem sich m\u00e4chtige Riffe aus Stromatoporen \u2013 Verwandte der Schw\u00e4mme \u2013 und Korallen bildeten. Nach der Dolomitisierung, Versenkung und Faltung der Gesteine wurden die devonischen Ablagerungen wieder herausgehoben. Es entstanden die heutigen Gerolsteiner Dolomiten, welche sich schroff \u00fcber dem Kylltal n\u00f6rdlich des Zentrums von Gerolstein erheben.<\/p>\n\n\n\n<p>Die Gerolsteiner Dolomiten sind das \u00e4lteste Riff, ein sog. Schwammriff, in Deutschland und stammte aus dem Mitteldevon. <a href=\"https:\/\/www.gerolsteiner-land.de\/a-gerolsteiner-dolomiten\" target=\"_blank\" rel=\"noreferrer noopener\">Quelle: Gerolsteiner-Land.de<\/a><\/p>\n\n\n\n<div class=\"wp-block-buttons is-content-justification-center is-layout-flex wp-container-core-buttons-is-layout-a89b3969 wp-block-buttons-is-layout-flex\">\n<div class=\"wp-block-button\"><a class=\"wp-block-button__link has-base-color has-text-color wp-element-button\" href=\"https:\/\/germany.wordcamp.org\/2023\/anreise-nach-gerolstein\/\">Anreise nach Gerolstein planen<\/a><\/div>\n<\/div>\n","protected":false},"excerpt":{"rendered":"<p>Das WordCamp Deutschland 2023 findet vom 19. Oktober bis 21. Oktober 2023 in der Stadthalle Rondell in Gerolstein \/ Vulkaneifel statt. Adresse: Stadthalle Rondell &#8211; Rondell 1, 54568 Gerolstein Die Stadthalle Rondell in Gerolstein, einem staatlich anerkannten Luftkurort in Rheinland-Pfalz, bietet Platz f\u00fcr bis zu 800 Personen und ist ideal f\u00fcr eine Vielzahl von Veranstaltungen\u200b. [&hellip;]<\/p>\n","protected":false},"author":9229005,"featured_media":0,"parent":0,"menu_order":0,"comment_status":"closed","ping_status":"closed","template":"","meta":{"jetpack_post_was_ever_published":false,"footnotes":""},"class_list":["post-218","page","type-page","status-publish","hentry"],"jetpack_sharing_enabled":true,"_links":{"self":[{"href":"https:\/\/germany.wordcamp.org\/2023\/wp-json\/wp\/v2\/pages\/218","targetHints":{"allow":["GET"]}}],"collection":[{"href":"https:\/\/germany.wordcamp.org\/2023\/wp-json\/wp\/v2\/pages"}],"about":[{"href":"https:\/\/germany.wordcamp.org\/2023\/wp-json\/wp\/v2\/types\/page"}],"author":[{"embeddable":true,"href":"https:\/\/germany.wordcamp.org\/2023\/wp-json\/wp\/v2\/users\/9229005"}],"replies":[{"embeddable":true,"href":"https:\/\/germany.wordcamp.org\/2023\/wp-json\/wp\/v2\/comments?post=218"}],"version-history":[{"count":13,"href":"https:\/\/germany.wordcamp.org\/2023\/wp-json\/wp\/v2\/pages\/218\/revisions"}],"predecessor-version":[{"id":2921,"href":"https:\/\/germany.wordcamp.org\/2023\/wp-json\/wp\/v2\/pages\/218\/revisions\/2921"}],"wp:attachment":[{"href":"https:\/\/germany.wordcamp.org\/2023\/wp-json\/wp\/v2\/media?parent=218"}],"curies":[{"name":"wp","href":"https:\/\/api.w.org\/{rel}","templated":true}]}}