{"id":2603,"date":"2023-10-04T11:32:49","date_gmt":"2023-10-04T09:32:49","guid":{"rendered":"https:\/\/germany.wordcamp.org\/2023\/?page_id=2603"},"modified":"2023-10-17T10:08:29","modified_gmt":"2023-10-17T08:08:29","slug":"informationen-vor-der-ankunft-pre-arrival-information","status":"publish","type":"page","link":"https:\/\/germany.wordcamp.org\/2023\/informationen-vor-der-ankunft-pre-arrival-information\/","title":{"rendered":"Informationen vor der Ankunft \/ Pre-Arrival Information"},"content":{"rendered":"\n<p><em><a href=\"#english\" data-type=\"internal\" data-id=\"#english\">Dont\u2019 speak German? See english text below<\/a><\/em><\/p>\n\n\n\n<p>Wir bereiten uns auf den Start des WordCamp Germany 2023 vor und k\u00f6nnen es kaum erwarten, die Mitglieder der WordPress-Community wieder in Gerolstein, Deutschland, zu sehen!<\/p>\n\n\n\n<p>Auf dieser Seite findest du die neuesten Informationen zur Vorbereitung auf die Anreise nach Gerolstein, wichtige Details wie Anmeldung und Erreichbarkeit &#8211; aber auch alle relevanten Artikel und Informationen auf unserer Website, um dein Erlebnis so gut wie m\u00f6glich zu gestalten!<\/p>\n\n\n\n<h2 class=\"wp-block-heading\"><strong>Informationen zum Veranstaltungsort<\/strong><\/h2>\n\n\n\n<p>Das WordCamp Deutschland 2023 findet vom <strong>19. Oktober bis 21. Oktober 2023<\/strong> in der Stadthalle Rondell in Gerolstein \/ Vulkaneifel statt.&nbsp;<\/p>\n\n\n\n<p><strong>Adresse<\/strong>: Stadthalle Rondell \u2013 Rondell 1, 54568 Gerolstein<\/p>\n\n\n\n<p><strong>Adresse f\u00fcr das Navi<\/strong>: Parkplatz Brunnenstra\u00dfe \/ Rondell 10, 54568 Gerolstein (ansonsten leitet das Navi durch die Fu\u00dfg\u00e4ngerzone zum oberen Eingang des Geb\u00e4udes)<\/p>\n\n\n\n<p><strong>Google Maps Pin<\/strong>: <a href=\"https:\/\/maps.app.goo.gl\/CJUNVeTGqiC7Pmgx7\">https:\/\/maps.app.goo.gl\/CJUNVeTGqiC7Pmgx7<\/a><\/p>\n\n\n\n<h2 class=\"wp-block-heading\"><strong>Parken und \u00d6PNV<\/strong><\/h2>\n\n\n\n<p>Von der Brunnenstra\u00dfe (B410) aus befinden sich fu\u00dfl\u00e4ufig mehrere Parkpl\u00e4tze. Die meisten Parkpl\u00e4tze sind kostenpflichtig. Die Geb\u00fchren sind an den Parkscheinautomaten ausgewiesen.<\/p>\n\n\n\n<p>Der Busbahnhof (ZOB) befindet sich in der direkten N\u00e4he zur Stadthalle. Der Bahnhof in Gerolstein liegt schr\u00e4g gegen\u00fcber auf der anderen Stra\u00dfenseite und \u00fcber den Flu\u00df Kyll. Der Bahnhof ist ebenfalls barrierefrei zu erreichen.<\/p>\n\n\n\n<div class=\"wp-block-buttons is-content-justification-center is-layout-flex wp-container-core-buttons-is-layout-a89b3969 wp-block-buttons-is-layout-flex\">\n<div class=\"wp-block-button\"><a class=\"wp-block-button__link wp-element-button\" href=\"https:\/\/germany.wordcamp.org\/2023\/parken-auto-e-auto\/\">Ausf\u00fchrliche Informationen zu den Parkm\u00f6glichkeiten<\/a><\/div>\n<\/div>\n\n\n\n<figure data-wp-context=\"{&quot;imageId&quot;:&quot;69e5911b6f31f&quot;}\" data-wp-interactive=\"core\/image\" data-wp-key=\"69e5911b6f31f\" class=\"wp-block-image size-large wp-lightbox-container\"><img loading=\"lazy\" decoding=\"async\" width=\"1024\" height=\"624\" data-wp-class--hide=\"state.isContentHidden\" data-wp-class--show=\"state.isContentVisible\" data-wp-init=\"callbacks.setButtonStyles\" data-wp-on--click=\"actions.showLightbox\" data-wp-on--load=\"callbacks.setButtonStyles\" data-wp-on--pointerdown=\"actions.preloadImage\" data-wp-on--pointerenter=\"actions.preloadImageWithDelay\" data-wp-on--pointerleave=\"actions.cancelPreload\" data-wp-on-window--resize=\"callbacks.setButtonStyles\" src=\"https:\/\/germany.wordcamp.org\/2023\/files\/2023\/10\/image-1024x624.png\" alt=\"Kartenausschnitt aus OpenStreetMap f\u00fcr den Punkt Stadthalle Rondell, Gerolstein\" class=\"wp-image-2606\" srcset=\"https:\/\/germany.wordcamp.org\/2023\/files\/2023\/10\/image-1024x624.png 1024w, https:\/\/germany.wordcamp.org\/2023\/files\/2023\/10\/image-300x183.png 300w, https:\/\/germany.wordcamp.org\/2023\/files\/2023\/10\/image-768x468.png 768w, https:\/\/germany.wordcamp.org\/2023\/files\/2023\/10\/image-492x300.png 492w, https:\/\/germany.wordcamp.org\/2023\/files\/2023\/10\/image.png 1131w\" sizes=\"auto, (max-width: 1024px) 100vw, 1024px\" \/><button\n\t\t\tclass=\"lightbox-trigger\"\n\t\t\ttype=\"button\"\n\t\t\taria-haspopup=\"dialog\"\n\t\t\taria-label=\"Enlarge\"\n\t\t\tdata-wp-init=\"callbacks.initTriggerButton\"\n\t\t\tdata-wp-on--click=\"actions.showLightbox\"\n\t\t\tdata-wp-style--right=\"state.imageButtonRight\"\n\t\t\tdata-wp-style--top=\"state.imageButtonTop\"\n\t\t>\n\t\t\t<svg xmlns=\"http:\/\/www.w3.org\/2000\/svg\" width=\"12\" height=\"12\" fill=\"none\" viewBox=\"0 0 12 12\">\n\t\t\t\t<path fill=\"#fff\" d=\"M2 0a2 2 0 0 0-2 2v2h1.5V2a.5.5 0 0 1 .5-.5h2V0H2Zm2 10.5H2a.5.5 0 0 1-.5-.5V8H0v2a2 2 0 0 0 2 2h2v-1.5ZM8 12v-1.5h2a.5.5 0 0 0 .5-.5V8H12v2a2 2 0 0 1-2 2H8Zm2-12a2 2 0 0 1 2 2v2h-1.5V2a.5.5 0 0 0-.5-.5H8V0h2Z\" \/>\n\t\t\t<\/svg>\n\t\t<\/button><figcaption class=\"wp-element-caption\"><a href=\"https:\/\/www.openstreetmap.org\/way\/222675718#map=19\/50.22296\/6.66229\" data-type=\"link\" data-id=\"https:\/\/www.openstreetmap.org\/way\/222675718#map=19\/50.22296\/6.66229\">Kartenausschnitt OpenStreetMaps<\/a><\/figcaption><\/figure>\n\n\n\n<h2 class=\"wp-block-heading\"><strong>Mitfahrgelegenheiten und Fahrgemeinschaften vor Ort<\/strong><\/h2>\n\n\n\n<p>Gerolstein ist ein beschauliches St\u00e4dtchen mit einer recht gut funktionierenden Infrastruktur f\u00fcr Rad und PKW, dennoch ist der \u00d6PNV nicht ideal innerhalb der Stadt oder dem Umland ausgebaut. Da nicht jede:r eine Unterkunft im Ort hat oder per PKW anreist, bietet sich eine Mitfahrgelegenheit an, um zum Veranstaltungsort hin und zur Unterkunft wieder zur\u00fcckzukommen.<\/p>\n\n\n\n<p>Melde dich dazu \u00fcber die <a href=\"https:\/\/germany.wordcamp.org\/2023\/verabredet-euch-hier-mitfahrgelegenheiten-und-fahrgemeinschaften\/\">Kommentarfunktion unter dem Beitrag zu den Mitfahrgelegenheiten<\/a> oder melde dich im <a href=\"https:\/\/dewp.slack.com\/archives\/C03LXFY5X8A\">DEWP Slack Channel #wordcamp_de<\/a><\/p>\n\n\n\n<h2 class=\"wp-block-heading\"><strong>Anmeldung und Check-in f\u00fcr die Veranstaltung<\/strong><\/h2>\n\n\n\n<p>Wenn du am Contributor Day teilnimmst, kannst du bei deiner Ankunft am Veranstaltungsort einchecken. Unser Team wird dir dabei behilflich sein &#8211; bitte halte deine Ticketdaten bereit.&nbsp;<\/p>\n\n\n\n<p>Falls du dich noch nicht zum Contributor Day angemeldet hast, <a href=\"https:\/\/germany.wordcamp.org\/2023\/contributor-day\/\">nutze bitte das bereitgestellte Formular<\/a>. Wir ben\u00f6tigen eine <strong>separate Anmeldung<\/strong>, um die Anzahl der Teilnehmenden entsprechend mit dem Catering abzustimmen.<\/p>\n\n\n\n<p>WordCamp Teilnehmende, die sich nicht f\u00fcr den Contributor Day angemeldet haben, k\u00f6nnen sich am Freitag, dem 20. Oktober, ab 08:30 Uhr und am Samstag, dem 21. Oktober, ab 08:30 Uhr registrieren.<\/p>\n\n\n\n<h2 class=\"wp-block-heading\"><strong>Contributor Day<\/strong><\/h2>\n\n\n\n<p>Der Contributor Day findet am Donnerstag, dem 19. Oktober 2023 statt und unsere tollen Freiwilligen werden dich zu den R\u00e4umen f\u00fchren, die wir f\u00fcr diese Veranstaltung nutzen, wenn du am Veranstaltungsort ankommst.<\/p>\n\n\n\n<div class=\"wp-block-columns is-layout-flex wp-container-core-columns-is-layout-8a2eb100 wp-block-columns-is-layout-flex\" style=\"padding-top:var(--wp--preset--spacing--30);padding-right:0;padding-bottom:var(--wp--preset--spacing--30);padding-left:0\">\n<div class=\"wp-block-column is-vertically-aligned-center is-layout-flow wp-block-column-is-layout-flow\">\n<p style=\"padding-top:0;padding-right:0;padding-bottom:0;padding-left:0\"><strong>Noch nicht zum Contributor Day angemeldet? <\/strong><\/p>\n<\/div>\n\n\n\n<div class=\"wp-block-column is-vertically-aligned-center is-layout-flow wp-block-column-is-layout-flow\">\n<div class=\"wp-block-buttons is-vertical is-content-justification-center is-layout-flex wp-container-core-buttons-is-layout-734eb2c2 wp-block-buttons-is-layout-flex\">\n<div class=\"wp-block-button\"><a class=\"wp-block-button__link wp-element-button\">Zum Contributor Day anmelden<\/a><\/div>\n<\/div>\n<\/div>\n<\/div>\n\n\n\n<p>Sei p\u00fcnktlich und bringe deinen Computer (und ein Ladeger\u00e4t) mit. Die Registrierung f\u00fcr Teilnehmende am Contributor Day beginnt um 08:30 Uhr und der Tag beginnt um 09:30 Uhr.<\/p>\n\n\n\n<h2 class=\"wp-block-heading\"><strong>Men\u00fcs f\u00fcr Speisen und Getr\u00e4nke<\/strong><\/h2>\n\n\n\n<p>Du kannst <a href=\"https:\/\/germany.wordcamp.org\/2023\/das-erwartet-euch-an-essen-und-trinken\/\">die Speisepl\u00e4ne f\u00fcr das Mittagsbuffet auf unserer Website einsehen<\/a>, um im Voraus zu sehen, welche Verpflegungsoptionen verf\u00fcgbar sind. Die Catering-Einrichtungen befinden sich im Foyer.<\/p>\n\n\n\n<p>Auf den Buffettischen sind die Allergene der einzelnen Speisen angegeben &#8211; bei Fragen wende dich bitte an ein Mitglied des Catering-Teams.<\/p>\n\n\n\n<p>Au\u00dferdem gibt es mehrere Wasserspender. Wir empfehlen dir, deine wiederverwendbare Lieblingsflasche mitzubringen, um unsere Bem\u00fchungen um Nachhaltigkeit zu unterst\u00fctzen.<\/p>\n\n\n\n<h2 class=\"wp-block-heading\"><strong>Verhaltenskodex<\/strong><\/h2>\n\n\n\n<p>Das Orga-Team des WordCamp Germany 2023 ist der Meinung, dass unsere Gemeinschaft wirklich f\u00fcr alle offen sein sollte. Daher verpflichten wir uns, eine freundliche, sichere und einladende Umgebung f\u00fcr alle zu schaffen, unabh\u00e4ngig von Geschlecht, sexueller Orientierung, Behinderung, ethnischer Zugeh\u00f6rigkeit, Religion, Alter, Kaste, sozialer Schicht, bevorzugtem Betriebssystem, Programmiersprache oder Texteditor und anderen Merkmalen.<\/p>\n\n\n\n<p>Wir erwarten von allen Teilnehmenden, Sponsoren, Freiwilligen und Organisatoren, dass sie den Verhaltenskodex einhalten. Wenn du feststellst, dass der Verhaltenskodex nicht eingehalten wird, sprich bitte mit einem Mitglied des Organisations- oder Freiwilligenteams (die Teilnehmenden in den blauen Crew WordCamp T-Shirts), f\u00fclle unser <a href=\"https:\/\/germany.wordcamp.org\/2023\/kontakt\/\" data-type=\"page\" data-id=\"196\">Online-Formular<\/a> aus oder schreibe uns eine E-Mail &#8211; germany@wordcamp.org.<\/p>\n\n\n\n<h2 class=\"wp-block-heading\"><strong>Hilfe und Unterst\u00fctzung<\/strong><\/h2>\n\n\n\n<p>Wenn du w\u00e4hrend deiner Teilnahme am WordCamp Germany 2023 Hilfe ben\u00f6tigst oder Fragen hast, wende dich bitte an ein Mitglied unseres Organisationsteams (<em>wir tragen die blauen Crew WordCamp T-Shirts)<\/em>. Wir helfen dir gerne, so gut wir k\u00f6nnen, um sicherzustellen, dass die Veranstaltung f\u00fcr alle Beteiligten ein unvergessliches Erlebnis wird.<\/p>\n\n\n\n<hr class=\"wp-block-separator has-alpha-channel-opacity is-style-dots\" id=\"english\" \/>\n\n\n\n<h2 class=\"wp-block-heading\"><strong>Pre-Arrival Information<\/strong><\/h2>\n\n\n\n<p>We&#8217;re gearing up for the start of WordCamp Germany 2023 and can&#8217;t wait to see members of the WordPress community back in Gerolstein, Germany!<\/p>\n\n\n\n<p>On this page you&#8217;ll find the latest information on how to prepare for your trip to Gerolstein, important details like registration and accessibility &#8211; but also all the relevant articles and information on our website to make your experience the best it can be!<\/p>\n\n\n\n<h2 class=\"wp-block-heading\"><strong>Information about the venue<\/strong><\/h2>\n\n\n\n<p>WordCamp Germany 2023 will take place from October 19 to October 21, 2023 at the Stadthalle Rondell in Gerolstein \/ Vulkaneifel. <\/p>\n\n\n\n<p><strong>Address<\/strong>: Stadthalle Rondell &#8211; Rondell 1, 54568 Gerolstein.<\/p>\n\n\n\n<p><strong>Address for the navi<\/strong>: Parking Brunnenstra\u00dfe \/ Rondell 10, 54568 Gerolstein (otherwise the navi will guide you through the pedestrian zone to the upper entrance of the building).<\/p>\n\n\n\n<p><strong>Google Maps Pin<\/strong>: <a href=\"https:\/\/maps.app.goo.gl\/CJUNVeTGqiC7Pmgx7\">https:\/\/maps.app.goo.gl\/CJUNVeTGqiC7Pmgx7<\/a><\/p>\n\n\n\n<h2 class=\"wp-block-heading\"><strong>Parking and public transport<\/strong><\/h2>\n\n\n\n<p>There are several parking lots within walking distance from Brunnenstra\u00dfe (B410). There is a fee for most of the parking spaces. The fees are shown on the parking ticket machines.<\/p>\n\n\n\n<p>The bus station (ZOB) is located in the direct vicinity of the Stadthalle. The train station in Gerolstein is diagonally across the street and across the Kyll River. The station can also be reached barrier-free.<\/p>\n\n\n\n<figure data-wp-context=\"{&quot;imageId&quot;:&quot;69e5911b70a6a&quot;}\" data-wp-interactive=\"core\/image\" data-wp-key=\"69e5911b70a6a\" class=\"wp-block-image size-large wp-lightbox-container\"><img loading=\"lazy\" decoding=\"async\" width=\"1024\" height=\"624\" data-wp-class--hide=\"state.isContentHidden\" data-wp-class--show=\"state.isContentVisible\" data-wp-init=\"callbacks.setButtonStyles\" data-wp-on--click=\"actions.showLightbox\" data-wp-on--load=\"callbacks.setButtonStyles\" data-wp-on--pointerdown=\"actions.preloadImage\" data-wp-on--pointerenter=\"actions.preloadImageWithDelay\" data-wp-on--pointerleave=\"actions.cancelPreload\" data-wp-on-window--resize=\"callbacks.setButtonStyles\" src=\"https:\/\/germany.wordcamp.org\/2023\/files\/2023\/10\/image-1024x624.png\" alt=\"Kartenausschnitt aus OpenStreetMap f\u00fcr den Punkt Stadthalle Rondell, Gerolstein\" class=\"wp-image-2606\" srcset=\"https:\/\/germany.wordcamp.org\/2023\/files\/2023\/10\/image-1024x624.png 1024w, https:\/\/germany.wordcamp.org\/2023\/files\/2023\/10\/image-300x183.png 300w, https:\/\/germany.wordcamp.org\/2023\/files\/2023\/10\/image-768x468.png 768w, https:\/\/germany.wordcamp.org\/2023\/files\/2023\/10\/image-492x300.png 492w, https:\/\/germany.wordcamp.org\/2023\/files\/2023\/10\/image.png 1131w\" sizes=\"auto, (max-width: 1024px) 100vw, 1024px\" \/><button\n\t\t\tclass=\"lightbox-trigger\"\n\t\t\ttype=\"button\"\n\t\t\taria-haspopup=\"dialog\"\n\t\t\taria-label=\"Enlarge\"\n\t\t\tdata-wp-init=\"callbacks.initTriggerButton\"\n\t\t\tdata-wp-on--click=\"actions.showLightbox\"\n\t\t\tdata-wp-style--right=\"state.imageButtonRight\"\n\t\t\tdata-wp-style--top=\"state.imageButtonTop\"\n\t\t>\n\t\t\t<svg xmlns=\"http:\/\/www.w3.org\/2000\/svg\" width=\"12\" height=\"12\" fill=\"none\" viewBox=\"0 0 12 12\">\n\t\t\t\t<path fill=\"#fff\" d=\"M2 0a2 2 0 0 0-2 2v2h1.5V2a.5.5 0 0 1 .5-.5h2V0H2Zm2 10.5H2a.5.5 0 0 1-.5-.5V8H0v2a2 2 0 0 0 2 2h2v-1.5ZM8 12v-1.5h2a.5.5 0 0 0 .5-.5V8H12v2a2 2 0 0 1-2 2H8Zm2-12a2 2 0 0 1 2 2v2h-1.5V2a.5.5 0 0 0-.5-.5H8V0h2Z\" \/>\n\t\t\t<\/svg>\n\t\t<\/button><figcaption class=\"wp-element-caption\"><a href=\"https:\/\/www.openstreetmap.org\/way\/222675718#map=19\/50.22296\/6.66229\" data-type=\"link\" data-id=\"https:\/\/www.openstreetmap.org\/way\/222675718#map=19\/50.22296\/6.66229\">Map detail OpenStreetMaps<\/a><\/figcaption><\/figure>\n\n\n\n<h2 class=\"wp-block-heading\"><strong>Carpooling on site<\/strong><\/h2>\n\n\n\n<p>Gerolstein is a tranquil little town with a fairly well-functioning infrastructure for bicycles and cars, yet public transport is not ideally developed within the town or the surrounding area. Since not everyone has an accommodation in the town or arrives by car, a carpool offers itself to get to the venue and back to the accommodation.<\/p>\n\n\n\n<p>Get in touch via the<a href=\"https:\/\/germany.wordcamp.org\/2023\/verabredet-euch-hier-mitfahrgelegenheiten-und-fahrgemeinschaften\/\" data-type=\"link\" data-id=\"https:\/\/germany.wordcamp.org\/2023\/verabredet-euch-hier-mitfahrgelegenheiten-und-fahrgemeinschaften\/\"> comment function below the post for carpooling<\/a> or register in the <a href=\"https:\/\/dewp.slack.com\/archives\/C03LXFY5X8A\" data-type=\"link\" data-id=\"https:\/\/dewp.slack.com\/archives\/C03LXFY5X8A\">DEWP Slack Channel #wordcamp_de<\/a>.<\/p>\n\n\n\n<h2 class=\"wp-block-heading\"><strong>Event Registration and Check-in<\/strong><\/h2>\n\n\n\n<p>If you are attending on Contributor Day, you\u2019ll be able to check-in on arrival at the venue. Our team will be available to assist you \u2013 please ensure you have your ticket details to hand.<\/p>\n\n\n\n<p>For attendees who have not registered for Contributor Day, registration will open at 08:30 on Friday 20 October and 08:30 on Saturday 21 October.<\/p>\n\n\n\n<h2 class=\"wp-block-heading\"><strong>Contributor Day<\/strong><\/h2>\n\n\n\n<p>If you have already registered for Contributor Day, you can find the latest information on the related webpage here. Contributor Day will be held on Thursday, October 19, 2023 and our awesome volunteers will guide you to the space we are using for this event when you arrive at the venue.<\/p>\n\n\n\n<div class=\"wp-block-columns is-layout-flex wp-container-core-columns-is-layout-8a2eb100 wp-block-columns-is-layout-flex\" style=\"padding-top:var(--wp--preset--spacing--30);padding-right:0;padding-bottom:var(--wp--preset--spacing--30);padding-left:0\">\n<div class=\"wp-block-column is-vertically-aligned-center is-layout-flow wp-block-column-is-layout-flow\">\n<p style=\"padding-top:0;padding-right:0;padding-bottom:0;padding-left:0\"><strong>Not yet registered for Contributor Day? <\/strong><\/p>\n<\/div>\n\n\n\n<div class=\"wp-block-column is-vertically-aligned-center is-layout-flow wp-block-column-is-layout-flow\">\n<div class=\"wp-block-buttons is-vertical is-content-justification-center is-layout-flex wp-container-core-buttons-is-layout-734eb2c2 wp-block-buttons-is-layout-flex\">\n<div class=\"wp-block-button\"><a class=\"wp-block-button__link wp-element-button\">Sign up for Contributor Day<\/a><\/div>\n<\/div>\n<\/div>\n<\/div>\n\n\n\n<p>Be on time and bring your computer (and a charger). Participant registration for Contributor Day will begin at 08:30 and the day will start at 09:30.<\/p>\n\n\n\n<h2 class=\"wp-block-heading\"><strong>Food and Beverage Menus<\/strong><\/h2>\n\n\n\n<p>You can view the <a href=\"https:\/\/germany.wordcamp.org\/2023\/das-erwartet-euch-an-essen-und-trinken\/\" data-type=\"post\" data-id=\"2473\">lunch buffet menus on our <\/a><a href=\"https:\/\/germany.wordcamp.org\/2023\/das-erwartet-euch-an-essen-und-trinken\/#english\" data-type=\"link\" data-id=\"https:\/\/germany.wordcamp.org\/2023\/das-erwartet-euch-an-essen-und-trinken\/#english\">website<\/a> to see in advance which catering options are available. Catering facilities are located at the foyer.<\/p>\n\n\n\n<p>Tables at the buffet will display specific allergens in each item \u2013 please ask a member of the catering team if you have any queries.<\/p>\n\n\n\n<p>Water stations are also located around the venue. We\u2019d recommend bringing your favorite reusable bottle to help with our sustainability plans.<\/p>\n\n\n\n<h2 class=\"wp-block-heading\"><strong>Code of Conduct<\/strong><\/h2>\n\n\n\n<p>WordCamp Germany 2023 believes our community should be truly open to everyone. As such, we are committed to providing a friendly, safe and welcoming environment for all, regardless of gender, sexual orientation, disability, ethnicity, religion, age, caste, social class, preferred operating system, programming language, or text editor, among other identifying characteristics.<\/p>\n\n\n\n<p>We expect all attendees, sponsors, volunteers and organisers to follow the Code of Conduct. If you see any such instances where this is not being followed, please speak with a member of the organising or volunteers team (those attendees in Crew WordCamp T-Shirts), complete our <a href=\"https:\/\/germany.wordcamp.org\/2023\/english\/contact\/\" data-type=\"page\" data-id=\"17\">online form<\/a>, or email us \u2013 germany@wordcamp.org.<\/p>\n\n\n\n<h2 class=\"wp-block-heading\"><strong>Help and Support<\/strong><\/h2>\n\n\n\n<p>If you need any assistance whilst attending WordCamp Germany 2023 or have any questions, please speak with a member of our organizing team <em>(we wear the blue Crew WordCamp t-shirts)<\/em>. We\u2019ll be happy to assist however we can, to ensure that we have a remarkable event and experience for everyone.<\/p>\n","protected":false},"excerpt":{"rendered":"<p>Dont\u2019 speak German? See english text below Wir bereiten uns auf den Start des WordCamp Germany 2023 vor und k\u00f6nnen es kaum erwarten, die Mitglieder der WordPress-Community wieder in Gerolstein, Deutschland, zu sehen! Auf dieser Seite findest du die neuesten Informationen zur Vorbereitung auf die Anreise nach Gerolstein, wichtige Details wie Anmeldung und Erreichbarkeit &#8211; [&hellip;]<\/p>\n","protected":false},"author":9229005,"featured_media":0,"parent":0,"menu_order":0,"comment_status":"closed","ping_status":"closed","template":"","meta":{"jetpack_post_was_ever_published":false,"footnotes":""},"class_list":["post-2603","page","type-page","status-publish","hentry"],"jetpack_sharing_enabled":true,"_links":{"self":[{"href":"https:\/\/germany.wordcamp.org\/2023\/wp-json\/wp\/v2\/pages\/2603","targetHints":{"allow":["GET"]}}],"collection":[{"href":"https:\/\/germany.wordcamp.org\/2023\/wp-json\/wp\/v2\/pages"}],"about":[{"href":"https:\/\/germany.wordcamp.org\/2023\/wp-json\/wp\/v2\/types\/page"}],"author":[{"embeddable":true,"href":"https:\/\/germany.wordcamp.org\/2023\/wp-json\/wp\/v2\/users\/9229005"}],"replies":[{"embeddable":true,"href":"https:\/\/germany.wordcamp.org\/2023\/wp-json\/wp\/v2\/comments?post=2603"}],"version-history":[{"count":13,"href":"https:\/\/germany.wordcamp.org\/2023\/wp-json\/wp\/v2\/pages\/2603\/revisions"}],"predecessor-version":[{"id":2974,"href":"https:\/\/germany.wordcamp.org\/2023\/wp-json\/wp\/v2\/pages\/2603\/revisions\/2974"}],"wp:attachment":[{"href":"https:\/\/germany.wordcamp.org\/2023\/wp-json\/wp\/v2\/media?parent=2603"}],"curies":[{"name":"wp","href":"https:\/\/api.w.org\/{rel}","templated":true}]}}