{"id":2960,"date":"2023-10-17T10:06:40","date_gmt":"2023-10-17T08:06:40","guid":{"rendered":"https:\/\/germany.wordcamp.org\/2023\/?page_id=2960"},"modified":"2023-10-17T10:06:40","modified_gmt":"2023-10-17T08:06:40","slug":"parken-auto-e-auto","status":"publish","type":"page","link":"https:\/\/germany.wordcamp.org\/2023\/parken-auto-e-auto\/","title":{"rendered":"Parken Auto \/ E-Auto"},"content":{"rendered":"\n<p>Die Stadthalle Rondell ist in Gerolstein in zentraler Lage mit nahegelegenen Parkm\u00f6glichkeiten. Der Eingang zur Stadthalle f\u00fcr Reisende per PKW,  Bahn oder Bus ist \u00fcber die Brunnenstra\u00dfe \/ B410 zu erreichen. Bitte im Navigationsger\u00e4t Brunnenstra\u00dfe Gerolstein oder Rondell 10 eingeben.<\/p>\n\n\n\n<figure class=\"wp-block-image size-large\"><img loading=\"lazy\" decoding=\"async\" width=\"1024\" height=\"576\" src=\"https:\/\/germany.wordcamp.org\/2023\/files\/2023\/10\/uebersicht-parken-bus-bahn-1024x576.jpg\" alt=\"Kartenauschnitt mit markierten Punkten zur \u00dcbersicht der verf\u00fcgbaren Parkpl\u00e4tze\" class=\"wp-image-2963\" srcset=\"https:\/\/germany.wordcamp.org\/2023\/files\/2023\/10\/uebersicht-parken-bus-bahn-1024x576.jpg 1024w, https:\/\/germany.wordcamp.org\/2023\/files\/2023\/10\/uebersicht-parken-bus-bahn-300x169.jpg 300w, https:\/\/germany.wordcamp.org\/2023\/files\/2023\/10\/uebersicht-parken-bus-bahn-768x432.jpg 768w, https:\/\/germany.wordcamp.org\/2023\/files\/2023\/10\/uebersicht-parken-bus-bahn-500x281.jpg 500w, https:\/\/germany.wordcamp.org\/2023\/files\/2023\/10\/uebersicht-parken-bus-bahn.jpg 1280w\" sizes=\"auto, (max-width: 1024px) 100vw, 1024px\" \/><figcaption class=\"wp-element-caption\">Kartenausschnitt: OpenStreetMap \/ Icons: Flaticon<\/figcaption><\/figure>\n\n\n\n<p>F\u00fcr die Dauer des Events empfehlen wir die Parkpl\u00e4tze <strong>P1 Stadtmitte<\/strong> (mit der Ziffer 1 in der Karte ausgezeichnet), sowie <strong>P2<\/strong> (mit der Ziffer 2 in der Karte ausgezeichnet). Diese beiden Parkpl\u00e4tze sind barrierefrei \u00fcber eine Unterf\u00fchrung neben der kleinen Br\u00fccke oder \u00fcber die \u00dcberquerungshilfen am Kreisel in 2-3 Gehminuten vom Rondell aus erreichbar.<\/p>\n\n\n\n<p>Werktags sind diese Parkpl\u00e4tze auch sehr beliebt, daher empfehlen wir eine zeitige Anreise.<\/p>\n\n\n\n<p>Die Parkpl\u00e4tze <strong>P3 Brunnenstra\u00dfe<\/strong> und <strong>P4 Brunnenstra\u00dfe<\/strong> liegen links und rechts vom Rondell. Diese sind allerdings zeitlich auf eine H\u00f6chstparkdauer von 3 Stunden begrenzt. Die erste Stunde Parken ist auf diesen beiden Parkpl\u00e4tzen kostenfrei. Bitte unbedingt einen <strong>Parkschein<\/strong> am Automaten l\u00f6sen, auch wenn du   nur kurz dort parken m\u00f6chtest. <\/p>\n\n\n\n<p>Die Parkpl\u00e4tze (mit Ziffer 5 in der Karte ausgezeichnet) direkt an der Brunnenstra\u00dfe, gegen\u00fcber von McDonalds, sind kostenfrei und zeitlich nicht begrenzt.<\/p>\n\n\n\n<p>Weitere Parkfl\u00e4chen im Stadtkern sind zeitlich begrenzt auf zwei Stunden. Es ist eine Parkscheibe sichtbar in die Windschutzscheibe zu legen.<\/p>\n\n\n\n<p><strong>E-Lades\u00e4ulen<\/strong> sind auf dem <strong>P3<\/strong> sowie auf dem Parkplatz bei <strong>McDonalds<\/strong> zug\u00e4nglich. Hier bitte nur f\u00fcr die Zeit zum Laden parken und nicht die S\u00e4ulen den ganzen Tag blockieren.<\/p>\n\n\n\n<p><strong>Bitte beachten<\/strong>: Am Samstag findet der w\u00f6chentliche Bauernmarkt auf dem<strong> P4 <\/strong>statt. Hier kann es zu Einschr\u00e4nkungen kommen, was die Parkplatzverf\u00fcgbarkeit betrifft.<\/p>\n\n\n\n<h2 class=\"wp-block-heading\"><strong>Parkgeb\u00fchren<\/strong>:\u00a0<\/h2>\n\n\n\n<p><strong>P1 Stadtmitte<\/strong> (Brunnenstra\u00dfe \/ Kirmesplatz an der Hochbr\u00fccke bis Bahnhofsbr\u00fccke \/ n\u00e4he Bahnhof) <br>Brunnenstra\u00dfe, 54568 Gerolstein<\/p>\n\n\n\n<p>Parkgeb\u00fchren: <\/p>\n\n\n\n<ul class=\"wp-block-list\">\n<li>F\u00fcr Dauerparker 1,00 \u20ac pro Tag oder <\/li>\n\n\n\n<li>5,00 \u20ac pro Woche (ist \u00fcber eine Sondertaste am Parkscheinautomat ausw\u00e4hlbar)<\/li>\n<\/ul>\n\n\n\n<hr class=\"wp-block-separator has-alpha-channel-opacity is-style-dots\" \/>\n\n\n\n<p><strong>P2 <\/strong>(Brunnenstra\u00dfe \/ Bahnhofsbr\u00fccke bis LBM)<br>Rondell 10, 54568 Gerolstein<\/p>\n\n\n\n<p>Parkgeb\u00fchren: kostenfrei<\/p>\n\n\n\n<hr class=\"wp-block-separator has-alpha-channel-opacity is-style-dots\" \/>\n\n\n\n<p><strong>P3 Brunnenstra\u00dfe<\/strong> (N\u00e4he ZOB) \/ <br>Brunnenstra\u00dfe, 54568 Gerolstein<\/p>\n\n\n\n<p>Parkgeb\u00fchren:<\/p>\n\n\n\n<ul class=\"wp-block-list\">\n<li>Freiparken 1 Stunde<\/li>\n\n\n\n<li>H\u00f6chstparkdauer 3 Stunden<\/li>\n\n\n\n<li>1,00 \u20ac ab 2. Stunde<\/li>\n<\/ul>\n\n\n\n<hr class=\"wp-block-separator has-alpha-channel-opacity is-style-dots\" \/>\n\n\n\n<p><strong>P4 Brunnenstra\u00dfe<\/strong> (vor B\u00e4ckerei Roden)<br>Brunnenstra\u00dfe, 54568 Gerolstein<\/p>\n\n\n\n<p>Parkgeb\u00fchren:<\/p>\n\n\n\n<ul class=\"wp-block-list\">\n<li>Freiparken 1 Stunde<\/li>\n\n\n\n<li>H\u00f6chstparkdauer 3 Stunden<\/li>\n\n\n\n<li>1,00 \u20ac ab 2. Stunde<\/li>\n<\/ul>\n\n\n\n<hr class=\"wp-block-separator has-alpha-channel-opacity is-style-dots\" \/>\n\n\n\n<p><strong>Parkpl\u00e4tze entlang der B 410<\/strong> \/ Brunnenstra\u00dfe<br>Brunnenstra\u00dfe, 54568 Gerolstein<\/p>\n\n\n\n<p>Parkgeb\u00fchren: kostenfrei<\/p>\n\n\n\n<p>Quelle: <a href=\"https:\/\/gerolstein.org\/de\/mobilitaet\/auto-anfahrt-parkplaetze.html\">https:\/\/gerolstein.org\/de\/mobilitaet\/auto-anfahrt-parkplaetze.html<\/a><\/p>\n","protected":false},"excerpt":{"rendered":"<p>Die Stadthalle Rondell ist in Gerolstein in zentraler Lage mit nahegelegenen Parkm\u00f6glichkeiten. Der Eingang zur Stadthalle f\u00fcr Reisende per PKW, Bahn oder Bus ist \u00fcber die Brunnenstra\u00dfe \/ B410 zu erreichen. Bitte im Navigationsger\u00e4t Brunnenstra\u00dfe Gerolstein oder Rondell 10 eingeben. F\u00fcr die Dauer des Events empfehlen wir die Parkpl\u00e4tze P1 Stadtmitte (mit der Ziffer 1 [&hellip;]<\/p>\n","protected":false},"author":9229005,"featured_media":0,"parent":0,"menu_order":0,"comment_status":"closed","ping_status":"closed","template":"","meta":{"jetpack_post_was_ever_published":false,"footnotes":""},"class_list":["post-2960","page","type-page","status-publish","hentry"],"jetpack_sharing_enabled":true,"_links":{"self":[{"href":"https:\/\/germany.wordcamp.org\/2023\/wp-json\/wp\/v2\/pages\/2960","targetHints":{"allow":["GET"]}}],"collection":[{"href":"https:\/\/germany.wordcamp.org\/2023\/wp-json\/wp\/v2\/pages"}],"about":[{"href":"https:\/\/germany.wordcamp.org\/2023\/wp-json\/wp\/v2\/types\/page"}],"author":[{"embeddable":true,"href":"https:\/\/germany.wordcamp.org\/2023\/wp-json\/wp\/v2\/users\/9229005"}],"replies":[{"embeddable":true,"href":"https:\/\/germany.wordcamp.org\/2023\/wp-json\/wp\/v2\/comments?post=2960"}],"version-history":[{"count":7,"href":"https:\/\/germany.wordcamp.org\/2023\/wp-json\/wp\/v2\/pages\/2960\/revisions"}],"predecessor-version":[{"id":2972,"href":"https:\/\/germany.wordcamp.org\/2023\/wp-json\/wp\/v2\/pages\/2960\/revisions\/2972"}],"wp:attachment":[{"href":"https:\/\/germany.wordcamp.org\/2023\/wp-json\/wp\/v2\/media?parent=2960"}],"curies":[{"name":"wp","href":"https:\/\/api.w.org\/{rel}","templated":true}]}}