{"id":743,"date":"2023-07-20T18:00:27","date_gmt":"2023-07-20T16:00:27","guid":{"rendered":"https:\/\/germany.wordcamp.org\/2023\/?page_id=743"},"modified":"2023-07-20T18:00:27","modified_gmt":"2023-07-20T16:00:27","slug":"was-ist-ein-wordcamp","status":"publish","type":"page","link":"https:\/\/germany.wordcamp.org\/2023\/was-ist-ein-wordcamp\/","title":{"rendered":"Was ist ein WordCamp?"},"content":{"rendered":"\n<h2 class=\"wp-block-heading\">WordCamp?<\/h2>\n\n\n\n<p>WordCamp Deutschland ist ein informelles, von der Community organisiertes Treffen von WordPress-Enthusiasten \u2013 von Gelegenheitsnutzern bis zu Core-Entwicklern \u2013 wo wir \u00fcber alles rund um WordPress diskutieren, Ideen austauschen und uns kennenlernen.<\/p>\n\n\n\n<h2 class=\"wp-block-heading\">Aber\u2026 was ist WordPress?<\/h2>\n\n\n\n<p>WordPress ist das weltweit gr\u00f6\u00dfte Content Management System und betreibt \u00fcber 43% (Stand Januar 2022) aller Websites im Web, einschlie\u00dflich denen des Wei\u00dfen Hauses, Mercedes-Benz\u2026 und sogar Beyonc\u00e9.<\/p>\n\n\n\n<p>Nicht nur ist WordPress das weltweit gr\u00f6\u00dfte CMS, sondern es ist auch Open-Source, was im Wesentlichen bedeutet, dass es kostenlos zu nutzen ist!<\/p>\n\n\n\n<h2 class=\"wp-block-heading\">Was du beim WordCamp Deutschland machen kannst<\/h2>\n\n\n\n<p>Es gibt immer viel zu tun beim WordCamp Deutschland und dieses Jahr wird keine Ausnahme sein. Von vielen Gespr\u00e4chen, die \u00fcber die drei Tage stattfinden, bis hin zur M\u00f6glichkeit, dich durch den Besuch einer der vielen praktischen Sessions und Workshops weiterzubilden und mit allen Teilnehmenden zu vernetzen.<\/p>\n\n\n\n<p>Ein voller Zeitplan von Sessions erm\u00f6glicht dir, die Themen auszuw\u00e4hlen, die dich interessieren. In der Regel gibt es eine breite Auswahl an Themen, die auf alle Ebenen von WordPress-Wissen und -Erfahrung abzielen, gem\u00e4\u00df dem Inklusivit\u00e4ts-Ethos, an das wir fest glauben. Wir f\u00fchren mehrere Vortr\u00e4ge gleichzeitig durch und teilen sie in &#8222;Tracks&#8220; auf.<\/p>\n\n\n\n<p>Zus\u00e4tzlich zu den Vortragsreihen kannst du unsere Sponsoren treffen, von sehr gro\u00dfen Unternehmen bis hin zu kleineren Nischenanbietern, mit denen du dich treffen und sprechen, an Produkt-Demos teilnehmen und mit Mitarbeitern dieser Unternehmen plaudern kannst.<\/p>\n\n\n\n<p>Du wirst auch die M\u00f6glichkeit haben, Leute zu treffen und dich mit anderen Teilnehmenden auszutauschen. Das gibt dir die Gelegenheit, andere Mitglieder der WordPress-Community kennenzulernen, jemanden, dem du auf Twitter folgst, in Benutzergruppen oder um alte Bekannte von einem fr\u00fcheren WordCamp zu treffen. Das WordCamp Deutschland ist der ideale Ort, um Freunde, alte und neue, zu treffen.<\/p>\n\n\n\n<h2 class=\"wp-block-heading\">Ein Event f\u00fcr alle Erfahrungsstufen<\/h2>\n\n\n\n<p>Wir arbeiten hart daran, sicherzustellen, dass die Sessions f\u00fcr alle F\u00e4higkeiten und Wissensstufen geeignet sind.<\/p>\n\n\n\n<p>Jedes Jahr kommen Leute dazu, die gerade erst mit WordPress angefangen haben, sowie solche, die es schon seit dem Anfang nutzen.<\/p>\n\n\n\n<p>Denk dran, jeder hat seine WordPress-Reise auch mal als Neuling begonnen!<\/p>\n\n\n\n<h2 class=\"wp-block-heading\">Wie du beitragen kannst<\/h2>\n\n\n\n<p>Zus\u00e4tzlich zur Konferenz wird es beim Contributor Day die M\u00f6glichkeit geben, einen Beitrag zu leisten. Der Contributor Day findet am Donnerstag, 19. Oktober 2023 in der Stadthalle Rondell in Gerolstein vor den Konferenztagen statt. Ein besonderer Tag, an dem sich sowohl neue als auch erfahrene Mitglieder der Community treffen und \u00fcber die verschiedenen M\u00f6glichkeiten lernen, sich am WordPress-Projekt zu beteiligen.<\/p>\n\n\n\n<p>Der Contributor Day ist f\u00fcr alle da! Alle F\u00e4higkeiten und Erfahrungsstufen sind willkommen und ben\u00f6tigt.<\/p>\n","protected":false},"excerpt":{"rendered":"<p>WordCamp? WordCamp Deutschland ist ein informelles, von der Community organisiertes Treffen von WordPress-Enthusiasten \u2013 von Gelegenheitsnutzern bis zu Core-Entwicklern \u2013 wo wir \u00fcber alles rund um WordPress diskutieren, Ideen austauschen und uns kennenlernen. Aber\u2026 was ist WordPress? WordPress ist das weltweit gr\u00f6\u00dfte Content Management System und betreibt \u00fcber 43% (Stand Januar 2022) aller Websites im [&hellip;]<\/p>\n","protected":false},"author":1457643,"featured_media":0,"parent":0,"menu_order":0,"comment_status":"closed","ping_status":"closed","template":"","meta":{"jetpack_post_was_ever_published":false,"footnotes":""},"class_list":["post-743","page","type-page","status-publish","hentry"],"jetpack_sharing_enabled":true,"_links":{"self":[{"href":"https:\/\/germany.wordcamp.org\/2023\/wp-json\/wp\/v2\/pages\/743","targetHints":{"allow":["GET"]}}],"collection":[{"href":"https:\/\/germany.wordcamp.org\/2023\/wp-json\/wp\/v2\/pages"}],"about":[{"href":"https:\/\/germany.wordcamp.org\/2023\/wp-json\/wp\/v2\/types\/page"}],"author":[{"embeddable":true,"href":"https:\/\/germany.wordcamp.org\/2023\/wp-json\/wp\/v2\/users\/1457643"}],"replies":[{"embeddable":true,"href":"https:\/\/germany.wordcamp.org\/2023\/wp-json\/wp\/v2\/comments?post=743"}],"version-history":[{"count":1,"href":"https:\/\/germany.wordcamp.org\/2023\/wp-json\/wp\/v2\/pages\/743\/revisions"}],"predecessor-version":[{"id":745,"href":"https:\/\/germany.wordcamp.org\/2023\/wp-json\/wp\/v2\/pages\/743\/revisions\/745"}],"wp:attachment":[{"href":"https:\/\/germany.wordcamp.org\/2023\/wp-json\/wp\/v2\/media?parent=743"}],"curies":[{"name":"wp","href":"https:\/\/api.w.org\/{rel}","templated":true}]}}